{"id":849,"date":"2024-07-09T17:28:17","date_gmt":"2024-07-09T15:28:17","guid":{"rendered":"https:\/\/www.schrottwaltner.at\/demontagen-copy\/"},"modified":"2024-07-30T11:28:59","modified_gmt":"2024-07-30T09:28:59","slug":"entsorgung-materialtrennung","status":"publish","type":"page","link":"https:\/\/www.schrottwaltner.at\/en\/entsorgung-materialtrennung\/","title":{"rendered":"Disposal &amp; Material Separation"},"content":{"rendered":"<section class=\"bde-section-849-101 bde-section\">\n              \n  \n\t\n\n  <div class=\"section-background-overlay\"><\/div>\n\n\n<div class=\"section-container\"><\/div>\n<\/section><section class=\"bde-section-849-179 bde-section\">\n  \n\t\n\n\n\n<div class=\"section-container\"><h1 class=\"bde-heading-849-187 bde-heading\">\nDisposal &amp; Material Separation\n<\/h1><div class=\"bde-columns-849-180 bde-columns\"><div class=\"bde-column-849-181 bde-column\" data-entrance=\"zoomIn\">\n  \n\t\n\n\n\n<div class=\"bde-div-849-182 bde-div\">\n  \n\t\n\n\n\n<div id=\"greifer_icon1\" class=\"bde-image-849-183 bde-image\" data-parallax=\"true\">\n<figure class=\"breakdance-image breakdance-image--695\">\n\t<div class=\"breakdance-image-container\">\n\t\t<div class=\"breakdance-image-clip\"><img loading=\"lazy\" decoding=\"async\" class=\"breakdance-image-object\" src=\"https:\/\/www.schrottwaltner.at\/wp-content\/uploads\/2024\/07\/SW-GREIFER-Footer-04-150.png\" width=\"150\" height=\"149\" srcset=\"https:\/\/www.schrottwaltner.at\/wp-content\/uploads\/2024\/06\/SW-GREIFER-Footer-04.png 800w, https:\/\/www.schrottwaltner.at\/wp-content\/uploads\/2024\/06\/SW-GREIFER-Footer-04-300x297.png 300w, https:\/\/www.schrottwaltner.at\/wp-content\/uploads\/2024\/06\/SW-GREIFER-Footer-04-150x150.png 150w, https:\/\/www.schrottwaltner.at\/wp-content\/uploads\/2024\/06\/SW-GREIFER-Footer-04-768x761.png 768w\" sizes=\"auto, (max-width: 800px) 100vw, 800px\"><\/div>\n\t<\/div><\/figure>\n\n<\/div><div id=\"greifer_icon2\" class=\"bde-image-849-184 bde-image\" data-parallax=\"true\">\n<figure class=\"breakdance-image breakdance-image--707\">\n\t<div class=\"breakdance-image-container\">\n\t\t<div class=\"breakdance-image-clip\"><img loading=\"lazy\" decoding=\"async\" class=\"breakdance-image-object\" src=\"https:\/\/www.schrottwaltner.at\/wp-content\/uploads\/2024\/07\/SW-GREIFER-geschlossen-05.png\" width=\"800\" height=\"793\" srcset=\"https:\/\/www.schrottwaltner.at\/wp-content\/uploads\/2024\/07\/SW-GREIFER-geschlossen-05.png 800w, https:\/\/www.schrottwaltner.at\/wp-content\/uploads\/2024\/07\/SW-GREIFER-geschlossen-05-300x297.png 300w, https:\/\/www.schrottwaltner.at\/wp-content\/uploads\/2024\/07\/SW-GREIFER-geschlossen-05-150x150.png 150w, https:\/\/www.schrottwaltner.at\/wp-content\/uploads\/2024\/07\/SW-GREIFER-geschlossen-05-768x761.png 768w\" sizes=\"auto, (max-width: 800px) 100vw, 800px\"><\/div>\n\t<\/div><\/figure>\n\n<\/div>\n<\/div><div class=\"bde-masker-849-191 bde-masker\"><div class=\"bde-image-849-185 bde-image\">\n<figure class=\"breakdance-image breakdance-image--544\">\n\t<div class=\"breakdance-image-container\">\n\t\t<div class=\"breakdance-image-clip\"><img loading=\"lazy\" decoding=\"async\" class=\"breakdance-image-object\" src=\"https:\/\/www.schrottwaltner.at\/wp-content\/uploads\/2024\/07\/Leistungen3-e1719496302417-500.png\" width=\"500\" height=\"333\"><\/div>\n\t<\/div><\/figure>\n\n<\/div>\r\n<\/div>\n<\/div><div class=\"bde-column-849-186 bde-column\" data-entrance=\"slideRight\">\n  \n\t\n\n\n\n<h1 class=\"bde-heading-849-244 bde-heading\">\nDisposal &amp; Material Separation\n<\/h1><div class=\"bde-rich-text-849-189 bde-rich-text breakdance-rich-text-styles\">\n<p>The majority of scrap metal today is produced in a wide range of material composites. Precise analysis and material separation is a prerequisite for high-quality recycling or the disposal of parts that can no longer be used. For Schrott-Waltner, disposal means more than just waste removal. As with scrap metal, the recycling of other materials is also becoming increasingly important. Only as a last resort should materials be sent to landfill. \n\nNot only does Schrott-Waltner have the right expertise, it also has the necessary authorisations for collecting and processing scrap metal. This is a compelling advantage, especially for companies that have their own environmental management system.<br \/>Schrott-Waltner verf\u00fcgt neben dem entsprechenden Know-how auch \u00fcber die n\u00f6tigen Sammler- und Behandlergenehmigungen. Ein \u00fcberzeugender Vorteil \u2013 speziell f\u00fcr Unternehmen, die selbst \u00fcber ein Umweltmanagementsystem verf\u00fcgen.<\/p>\n<\/div><div class=\"bde-button-849-190 bde-button\">\n    \n                                    \n    \n    \n    \n    \n            \n                    \n            \n            \n\n    \n    \n    \n    \n    \n    <a class=\"breakdance-link button-atom button-atom--primary bde-button__button\" href=\"#kontakt\" target=\"_self\" data-type=\"url\"  >\n\n    \n        <span class=\"button-atom__text\">Contact<\/span>\n\n        \n        \n                <\/a>\n\n    \n\n\n<\/div>\n<\/div><\/div><div class=\"bde-columns-849-195 bde-columns\" data-entrance=\"slideDown\"><div class=\"bde-column-849-196 bde-column\">\n  \n\t\n\n\n\n<div class=\"bde-icon-box-849-197 bde-icon-box\">\n\n    \n            <div class=\"ee-iconbox-icon breakdance-icon-atom\" >\n    \n                    <svg xmlns=\"http:\/\/www.w3.org\/2000\/svg\" viewbox=\"0 0 496 512\"><!-- Font Awesome Free 5.15.1 by @fontawesome - https:\/\/fontawesome.com License - https:\/\/fontawesome.com\/license\/free (Icons: CC BY 4.0, Fonts: SIL OFL 1.1, Code: MIT License) --><path d=\"M336.5 160C322 70.7 287.8 8 248 8s-74 62.7-88.5 152h177zM152 256c0 22.2 1.2 43.5 3.3 64h185.3c2.1-20.5 3.3-41.8 3.3-64s-1.2-43.5-3.3-64H155.3c-2.1 20.5-3.3 41.8-3.3 64zm324.7-96c-28.6-67.9-86.5-120.4-158-141.6 24.4 33.8 41.2 84.7 50 141.6h108zM177.2 18.4C105.8 39.6 47.8 92.1 19.3 160h108c8.7-56.9 25.5-107.8 49.9-141.6zM487.4 192H372.7c2.1 21 3.3 42.5 3.3 64s-1.2 43-3.3 64h114.6c5.5-20.5 8.6-41.8 8.6-64s-3.1-43.5-8.5-64zM120 256c0-21.5 1.2-43 3.3-64H8.6C3.2 212.5 0 233.8 0 256s3.2 43.5 8.6 64h114.6c-2-21-3.2-42.5-3.2-64zm39.5 96c14.5 89.3 48.7 152 88.5 152s74-62.7 88.5-152h-177zm159.3 141.6c71.4-21.2 129.4-73.7 158-141.6h-108c-8.8 56.9-25.6 107.8-50 141.6zM19.3 352c28.6 67.9 86.5 120.4 158 141.6-24.4-33.8-41.2-84.7-50-141.6h-108z\"\/><\/svg>\n        \n        \n        \n            <\/div>\n    \n\n<div class=\"ee-iconbox-content\">\n      <h3 class=\"ee-iconbox-title bde-h3\" >Optimised outsourcing<\/h3>\n        <div class=\"ee-iconbox-text\" >The individual complete solutions created by Schrott Waltner fulfil all company-specific disposal requirements. Schrott-Waltner \u2018Outsourcing\u2019 offers a wide range of scrap metal disposal services. From on-site loading to detailed material analysis, which is often accompanied by logistics advice for manufacturing companies in purchasing. One particular advantage of Schrott-Waltner\u2019s total waste disposal concepts for customers is the bundling of waste disposal trips and the associated time and cost savings.<\/div>\n    <\/div>\n\n<\/div>\n<\/div><div class=\"bde-column-849-198 bde-column\">\n  \n\t\n\n\n\n<div class=\"bde-icon-box-849-199 bde-icon-box\">\n\n    \n            <div class=\"ee-iconbox-icon breakdance-icon-atom\" >\n    \n                    <svg xmlns=\"http:\/\/www.w3.org\/2000\/svg\" viewbox=\"0 0 640 512\"><!-- Font Awesome Free 5.15.1 by @fontawesome - https:\/\/fontawesome.com License - https:\/\/fontawesome.com\/license\/free (Icons: CC BY 4.0, Fonts: SIL OFL 1.1, Code: MIT License) --><path d=\"M143.25 220.81l-12.42 46.37c-3.01 11.25-3.63 22.89-2.41 34.39l-35.2 28.98c-6.57 5.41-16.31-.43-14.62-8.77l15.44-76.68c1.06-5.26-2.66-10.28-8-10.79l-77.86-7.55c-8.47-.82-11.23-11.83-4.14-16.54l65.15-43.3c4.46-2.97 5.38-9.15 1.98-13.29L21.46 93.22c-5.41-6.57.43-16.3 8.78-14.62l76.68 15.44c5.26 1.06 10.28-2.66 10.8-8l7.55-77.86c.82-8.48 11.83-11.23 16.55-4.14l43.3 65.14c2.97 4.46 9.15 5.38 13.29 1.98l60.4-49.71c6.57-5.41 16.3.43 14.62 8.77L262.1 86.38c-2.71 3.05-5.43 6.09-7.91 9.4l-32.15 42.97-10.71 14.32c-32.73 8.76-59.18 34.53-68.08 67.74zm494.57 132.51l-12.42 46.36c-3.13 11.68-9.38 21.61-17.55 29.36a66.876 66.876 0 0 1-8.76 7l-13.99 52.23c-1.14 4.27-3.1 8.1-5.65 11.38-7.67 9.84-20.74 14.68-33.54 11.25L515 502.62c-17.07-4.57-27.2-22.12-22.63-39.19l8.28-30.91-247.28-66.26-8.28 30.91c-4.57 17.07-22.12 27.2-39.19 22.63l-30.91-8.28c-12.8-3.43-21.7-14.16-23.42-26.51-.57-4.12-.35-8.42.79-12.68l13.99-52.23a66.62 66.62 0 0 1-4.09-10.45c-3.2-10.79-3.65-22.52-.52-34.2l12.42-46.37c5.31-19.8 19.36-34.83 36.89-42.21a64.336 64.336 0 0 1 18.49-4.72l18.13-24.23 32.15-42.97c3.45-4.61 7.19-8.9 11.2-12.84 8-7.89 17.03-14.44 26.74-19.51 4.86-2.54 9.89-4.71 15.05-6.49 10.33-3.58 21.19-5.63 32.24-6.04 11.05-.41 22.31.82 33.43 3.8l122.68 32.87c11.12 2.98 21.48 7.54 30.85 13.43a111.11 111.11 0 0 1 34.69 34.5c8.82 13.88 14.64 29.84 16.68 46.99l6.36 53.29 3.59 30.05a64.49 64.49 0 0 1 22.74 29.93c4.39 11.88 5.29 25.19 1.75 38.39zM255.58 234.34c-18.55-4.97-34.21 4.04-39.17 22.53-4.96 18.49 4.11 34.12 22.65 39.09 18.55 4.97 45.54 15.51 50.49-2.98 4.96-18.49-15.43-53.67-33.97-58.64zm290.61 28.17l-6.36-53.29c-.58-4.87-1.89-9.53-3.82-13.86-5.8-12.99-17.2-23.01-31.42-26.82l-122.68-32.87a48.008 48.008 0 0 0-50.86 17.61l-32.15 42.97 172 46.08 75.29 20.18zm18.49 54.65c-18.55-4.97-53.8 15.31-58.75 33.79-4.95 18.49 23.69 22.86 42.24 27.83 18.55 4.97 34.21-4.04 39.17-22.53 4.95-18.48-4.11-34.12-22.66-39.09z\"\/><\/svg>\n        \n        \n        \n            <\/div>\n    \n\n<div class=\"ee-iconbox-content\">\n      <p class=\"ee-iconbox-title bde-h3\" >Vehicle disposal<\/p>\n        <div class=\"ee-iconbox-text\" >The \u2018classic disposal services\u2019 also include the disposal of vehicles. All hazardous liquids and waste are first removed from the vehicle at two car drying stations. The remaining, cleaned scrap is sent for recycling.<\/div>\n    <\/div>\n\n<\/div>\n<\/div><\/div><\/div>\n<\/section><section id=\"kontakt\" class=\"bde-section-849-209 bde-section\">\n  \n\t\n\n\n\n<div class=\"section-container\"><div class=\"bde-columns-849-210 bde-columns\"><div class=\"bde-column-849-242 bde-column\" data-entrance=\"slideRight\">\n  \n\t\n\n\n\n<div class=\"bde-icon-849-243 bde-icon\">\n\n    \n            <div class=\"bde-icon-icon breakdance-icon-atom\" >\n    \n                    <svg xmlns=\"http:\/\/www.w3.org\/2000\/svg\" viewbox=\"0 0 576 512\"><!-- Font Awesome Free 5.15.1 by @fontawesome - https:\/\/fontawesome.com License - https:\/\/fontawesome.com\/license\/free (Icons: CC BY 4.0, Fonts: SIL OFL 1.1, Code: MIT License) --><path d=\"M528 32H48C21.5 32 0 53.5 0 80v352c0 26.5 21.5 48 48 48h480c26.5 0 48-21.5 48-48V80c0-26.5-21.5-48-48-48zm-352 96c35.3 0 64 28.7 64 64s-28.7 64-64 64-64-28.7-64-64 28.7-64 64-64zm112 236.8c0 10.6-10 19.2-22.4 19.2H86.4C74 384 64 375.4 64 364.8v-19.2c0-31.8 30.1-57.6 67.2-57.6h5c12.3 5.1 25.7 8 39.8 8s27.6-2.9 39.8-8h5c37.1 0 67.2 25.8 67.2 57.6v19.2zM512 312c0 4.4-3.6 8-8 8H360c-4.4 0-8-3.6-8-8v-16c0-4.4 3.6-8 8-8h144c4.4 0 8 3.6 8 8v16zm0-64c0 4.4-3.6 8-8 8H360c-4.4 0-8-3.6-8-8v-16c0-4.4 3.6-8 8-8h144c4.4 0 8 3.6 8 8v16zm0-64c0 4.4-3.6 8-8 8H360c-4.4 0-8-3.6-8-8v-16c0-4.4 3.6-8 8-8h144c4.4 0 8 3.6 8 8v16z\"\/><\/svg>\n        \n        \n        \n            <\/div>\n    \n\n\n<\/div>\n<\/div><div class=\"bde-column-849-218 bde-column\" data-entrance=\"slideRight\">\n  \n\t\n\n\n\n<div class=\"bde-image-849-219 bde-image\">\n<figure class=\"breakdance-image breakdance-image--1081\">\n\t<div class=\"breakdance-image-container\">\n\t\t<div class=\"breakdance-image-clip\"><img loading=\"lazy\" decoding=\"async\" class=\"breakdance-image-object\" src=\"https:\/\/www.schrottwaltner.at\/wp-content\/uploads\/2024\/07\/IMG_8386.jpeg\" width=\"1536\" height=\"2048\" srcset=\"https:\/\/www.schrottwaltner.at\/wp-content\/uploads\/2024\/07\/IMG_8386.jpeg 1536w, https:\/\/www.schrottwaltner.at\/wp-content\/uploads\/2024\/07\/IMG_8386-225x300.jpeg 225w, https:\/\/www.schrottwaltner.at\/wp-content\/uploads\/2024\/07\/IMG_8386-768x1024.jpeg 768w, https:\/\/www.schrottwaltner.at\/wp-content\/uploads\/2024\/07\/IMG_8386-1152x1536.jpeg 1152w\" sizes=\"auto, (max-width: 1536px) 100vw, 1536px\"><\/div>\n\t<\/div><\/figure>\n\n<\/div>\n<\/div><div class=\"bde-column-849-211 bde-column\" data-entrance=\"slideLeft\">\n  \n\t\n\n\n\n<h2 class=\"bde-heading-849-212 bde-heading\">\nStefan Moik\n<\/h2><div class=\"bde-text-849-213 bde-text\">\nSales &amp; Waste Management Director\n<\/div><h2 class=\"bde-heading-849-235 bde-heading\">\nChristian Pirchegger\n<\/h2><div class=\"bde-text-849-236 bde-text\">\nAuthorised Signatory &amp; Purchasing \n<\/div><h2 class=\"bde-heading-849-239 bde-heading\">\nJosef Muhsbach\n<\/h2><div class=\"bde-text-849-240 bde-text\">\nLocation Management &amp; Demolition \n<\/div><ul class=\"bde-basic-list-849-222 bde-basic-list\">\n  <li class='bde-basic-list-item-with-link' >    \n                  \n            \n            \n\n    \n    \n    \n    \n    \n    <a class=\"breakdance-link\" href=\"tel:0043316711893\" target=\"_self\" data-type=\"url\"  >\n\n          <b>T<\/b>  +43 (0) 316 71 18 93\n              <\/a>\n\n      <\/li>\n  <li class='bde-basic-list-item-with-link' >    \n                  \n            \n            \n\n    \n    \n    \n    \n    \n    <a class=\"breakdance-link\" href=\"mailto:info@schrottwaltner.at\" target=\"_self\" data-type=\"url\"  >\n\n          <b>E<\/b> info@schrottwaltner.at\n              <\/a>\n\n      <\/li>\n<\/ul>\n<\/div><\/div><\/div>\n<\/section><section class=\"bde-section-849-108 bde-section\">\n  \n\t\n\n\n\n<div class=\"section-container\"><div class=\"bde-gallery-849-109 bde-gallery\">\n\n\n  \n\n\n\n\n\n\n\n  \n\n  <div class=\"ee-gallery-swiper breakdance-swiper-wrapper\" data-swiper-id=\"109\">\n    <div class=\"swiper\">\n\n<div class=\"ee-gallery ee-gallery--gallery-slider ee-gallery--slider ee-gallery-- ee-gallery--lightbox ee-gallery-- ee-gallery--caption- ee-gallery--caption-none ee-gallery--ratio swiper-wrapper\">\n                  \n      <a class=\"ee-gallery-item ee-gallery-item--image ee-gallery-item--single swiper-slide\" href=\"https:\/\/www.schrottwaltner.at\/wp-content\/uploads\/2024\/07\/IMG_8291.jpeg\"  data-sub-html=\"\" data-category=\"1\"                  data-lg-size=\"2048-1536\"\n\n      >\n        <figure class=\"ee-gallery-item-figure\">\n                        <img loading=\"lazy\" decoding=\"async\" class=\"breakdance-image-object\" src=\"https:\/\/www.schrottwaltner.at\/wp-content\/uploads\/2024\/07\/IMG_8291-768x576.jpeg\" width=\"768\" height=\"576\" srcset=\"https:\/\/www.schrottwaltner.at\/wp-content\/uploads\/2024\/07\/IMG_8291.jpeg 2048w, https:\/\/www.schrottwaltner.at\/wp-content\/uploads\/2024\/07\/IMG_8291-300x225.jpeg 300w, https:\/\/www.schrottwaltner.at\/wp-content\/uploads\/2024\/07\/IMG_8291-1024x768.jpeg 1024w, https:\/\/www.schrottwaltner.at\/wp-content\/uploads\/2024\/07\/IMG_8291-768x576.jpeg 768w, https:\/\/www.schrottwaltner.at\/wp-content\/uploads\/2024\/07\/IMG_8291-1536x1152.jpeg 1536w\" sizes=\"auto, (max-width: 2048px) 100vw, 2048px\">\n          \n                  <\/figure>\n      <\/a>\n\n                \n      <a class=\"ee-gallery-item ee-gallery-item--image ee-gallery-item--single swiper-slide\" href=\"https:\/\/www.schrottwaltner.at\/wp-content\/uploads\/2024\/07\/IMG_9204-scaled.jpeg\"  data-sub-html=\"\" data-category=\"1\"                  data-lg-size=\"1920-2560\"\n\n      >\n        <figure class=\"ee-gallery-item-figure\">\n                        <img loading=\"lazy\" decoding=\"async\" class=\"breakdance-image-object\" src=\"https:\/\/www.schrottwaltner.at\/wp-content\/uploads\/2024\/07\/IMG_9204-768x1024.jpeg\" width=\"768\" height=\"1024\" srcset=\"https:\/\/www.schrottwaltner.at\/wp-content\/uploads\/2024\/07\/IMG_9204-scaled.jpeg 1920w, https:\/\/www.schrottwaltner.at\/wp-content\/uploads\/2024\/07\/IMG_9204-225x300.jpeg 225w, https:\/\/www.schrottwaltner.at\/wp-content\/uploads\/2024\/07\/IMG_9204-768x1024.jpeg 768w, https:\/\/www.schrottwaltner.at\/wp-content\/uploads\/2024\/07\/IMG_9204-1152x1536.jpeg 1152w, https:\/\/www.schrottwaltner.at\/wp-content\/uploads\/2024\/07\/IMG_9204-1536x2048.jpeg 1536w\" sizes=\"auto, (max-width: 1920px) 100vw, 1920px\">\n          \n                  <\/figure>\n      <\/a>\n\n                \n      <a class=\"ee-gallery-item ee-gallery-item--image ee-gallery-item--single swiper-slide\" href=\"https:\/\/www.schrottwaltner.at\/wp-content\/uploads\/2024\/07\/IMG_8293.jpeg\"  data-sub-html=\"\" data-category=\"1\"                  data-lg-size=\"2048-1536\"\n\n      >\n        <figure class=\"ee-gallery-item-figure\">\n                        <img loading=\"lazy\" decoding=\"async\" class=\"breakdance-image-object\" src=\"https:\/\/www.schrottwaltner.at\/wp-content\/uploads\/2024\/07\/IMG_8293-768x576.jpeg\" width=\"768\" height=\"576\" srcset=\"https:\/\/www.schrottwaltner.at\/wp-content\/uploads\/2024\/07\/IMG_8293.jpeg 2048w, https:\/\/www.schrottwaltner.at\/wp-content\/uploads\/2024\/07\/IMG_8293-300x225.jpeg 300w, https:\/\/www.schrottwaltner.at\/wp-content\/uploads\/2024\/07\/IMG_8293-1024x768.jpeg 1024w, https:\/\/www.schrottwaltner.at\/wp-content\/uploads\/2024\/07\/IMG_8293-768x576.jpeg 768w, https:\/\/www.schrottwaltner.at\/wp-content\/uploads\/2024\/07\/IMG_8293-1536x1152.jpeg 1536w\" sizes=\"auto, (max-width: 2048px) 100vw, 2048px\">\n          \n                  <\/figure>\n      <\/a>\n\n                \n      <a class=\"ee-gallery-item ee-gallery-item--image ee-gallery-item--single swiper-slide\" href=\"https:\/\/www.schrottwaltner.at\/wp-content\/uploads\/2024\/07\/IMG_9456-scaled.jpeg\"  data-sub-html=\"\" data-category=\"1\"                  data-lg-size=\"2560-1920\"\n\n      >\n        <figure class=\"ee-gallery-item-figure\">\n                        <img loading=\"lazy\" decoding=\"async\" class=\"breakdance-image-object\" src=\"https:\/\/www.schrottwaltner.at\/wp-content\/uploads\/2024\/07\/IMG_9456-768x576.jpeg\" width=\"768\" height=\"576\" srcset=\"https:\/\/www.schrottwaltner.at\/wp-content\/uploads\/2024\/07\/IMG_9456-scaled.jpeg 2560w, https:\/\/www.schrottwaltner.at\/wp-content\/uploads\/2024\/07\/IMG_9456-300x225.jpeg 300w, https:\/\/www.schrottwaltner.at\/wp-content\/uploads\/2024\/07\/IMG_9456-1024x768.jpeg 1024w, https:\/\/www.schrottwaltner.at\/wp-content\/uploads\/2024\/07\/IMG_9456-768x576.jpeg 768w, https:\/\/www.schrottwaltner.at\/wp-content\/uploads\/2024\/07\/IMG_9456-1536x1152.jpeg 1536w, https:\/\/www.schrottwaltner.at\/wp-content\/uploads\/2024\/07\/IMG_9456-2048x1536.jpeg 2048w\" sizes=\"auto, (max-width: 2560px) 100vw, 2560px\">\n          \n                  <\/figure>\n      <\/a>\n\n                \n      <a class=\"ee-gallery-item ee-gallery-item--image ee-gallery-item--single swiper-slide\" href=\"https:\/\/www.schrottwaltner.at\/wp-content\/uploads\/2024\/07\/IMG_5892-2-scaled.jpeg\"  data-sub-html=\"\" data-category=\"1\"                  data-lg-size=\"1920-2560\"\n\n      >\n        <figure class=\"ee-gallery-item-figure\">\n                        <img loading=\"lazy\" decoding=\"async\" class=\"breakdance-image-object\" src=\"https:\/\/www.schrottwaltner.at\/wp-content\/uploads\/2024\/07\/IMG_5892-2-768x1024.jpeg\" width=\"768\" height=\"1024\" srcset=\"https:\/\/www.schrottwaltner.at\/wp-content\/uploads\/2024\/07\/IMG_5892-2-scaled.jpeg 1920w, https:\/\/www.schrottwaltner.at\/wp-content\/uploads\/2024\/07\/IMG_5892-2-225x300.jpeg 225w, https:\/\/www.schrottwaltner.at\/wp-content\/uploads\/2024\/07\/IMG_5892-2-768x1024.jpeg 768w, https:\/\/www.schrottwaltner.at\/wp-content\/uploads\/2024\/07\/IMG_5892-2-1152x1536.jpeg 1152w, https:\/\/www.schrottwaltner.at\/wp-content\/uploads\/2024\/07\/IMG_5892-2-1536x2048.jpeg 1536w\" sizes=\"auto, (max-width: 1920px) 100vw, 1920px\">\n          \n                  <\/figure>\n      <\/a>\n\n        \n  <\/div>\n\n    <\/div>\n        \n            <div class=\"swiper-pagination\"><\/div>\n    \n  <\/div>\n\n\n<\/div><\/div>\n<\/section><section class=\"bde-section-849-126 bde-section\">\n  \n\t\n\n\n\n<div class=\"section-container\"><h2 class=\"bde-heading-849-223 bde-heading\">\nOther services\n<\/h2><div class=\"bde-columns-849-127 bde-columns\"><div class=\"bde-column-849-128 bde-column\">\n  \n\t\n\n\n\n<a class=\"bde-container-link-849-226 bde-container-link breakdance-link\" href=\"\/en\/eisenschrott-buntmetalle\/\" target=\"_self\" data-type=\"url\">\n  \n\t\n\n\n\n<div class=\"bde-image-box-849-130 bde-image-box\">\n<div class=\"ee-imagebox-image\">\n  <img loading=\"lazy\" decoding=\"async\" class=\"breakdance-image-object\" src=\"https:\/\/www.schrottwaltner.at\/wp-content\/uploads\/2024\/06\/Leistungen-e1719496272364.png\" width=\"750\" height=\"500\" sizes=\"auto, (max-width: 750px) 100vw, 750px\">\n<\/div>\n<div class=\"ee-imagebox-content\">\n      <h3 class=\"ee-imagebox-title bde-h3\" >Scrap Iron &amp;<br>Non-ferrous Metals<\/h3>\n    \n    \n  <\/div>\n\n<\/div>\n\n<\/a>\n<\/div><div class=\"bde-column-849-129 bde-column\">\n  \n\t\n\n\n\n<a class=\"bde-container-link-849-225 bde-container-link breakdance-link\" href=\"\/en\/demontage-abbruch\/\" target=\"_self\" data-type=\"url\">\n  \n\t\n\n\n\n<div class=\"bde-image-box-849-131 bde-image-box\">\n<div class=\"ee-imagebox-image\">\n  <img loading=\"lazy\" decoding=\"async\" class=\"breakdance-image-object\" src=\"https:\/\/www.schrottwaltner.at\/wp-content\/uploads\/2024\/07\/Leistungen-Demontage-Schild.png\" width=\"750\" height=\"500\" srcset=\"https:\/\/www.schrottwaltner.at\/wp-content\/uploads\/2024\/07\/Leistungen-Demontage-Schild.png 750w, https:\/\/www.schrottwaltner.at\/wp-content\/uploads\/2024\/07\/Leistungen-Demontage-Schild-300x200.png 300w\" sizes=\"auto, (max-width: 750px) 100vw, 750px\">\n<\/div>\n<div class=\"ee-imagebox-content\">\n      <h3 class=\"ee-imagebox-title bde-h3\" >Dismantling &amp;<br>Demolition<\/h3>\n    \n    \n  <\/div>\n\n<\/div>\n\n<\/a>\n<\/div><\/div><\/div>\n<\/section>","protected":false},"excerpt":{"rendered":"<p>Entsorgung &#038; Materialtrennung Entsorgung &#038; Materialtrennung Der \u00fcberwiegende Teil des Schrotts f\u00e4llt heute in den unterschiedlichsten Materialverbunden an. Eine genaue Analyse und Materialtrennung ist Voraussetzung f\u00fcr die hochqualitative Wiederaufbereitung bzw. die Entsorgung nicht weiter verwendbarer Teile. Entsorgung bedeutet somit f\u00fcr Schrott-Waltner mehr als reine Abfallbeseitigung. Wie beim Schrott gewinnt die Wiederaufbereitung auch bei anderen Stoffen [&hellip;]<\/p>","protected":false},"author":1,"featured_media":0,"parent":0,"menu_order":0,"comment_status":"closed","ping_status":"closed","template":"","meta":{"_breakdance_hide_in_design_set":false,"_breakdance_tags":"","iawp_total_views":1744,"footnotes":""},"class_list":["post-849","page","type-page","status-publish","hentry"],"_links":{"self":[{"href":"https:\/\/www.schrottwaltner.at\/en\/wp-json\/wp\/v2\/pages\/849","targetHints":{"allow":["GET"]}}],"collection":[{"href":"https:\/\/www.schrottwaltner.at\/en\/wp-json\/wp\/v2\/pages"}],"about":[{"href":"https:\/\/www.schrottwaltner.at\/en\/wp-json\/wp\/v2\/types\/page"}],"author":[{"embeddable":true,"href":"https:\/\/www.schrottwaltner.at\/en\/wp-json\/wp\/v2\/users\/1"}],"replies":[{"embeddable":true,"href":"https:\/\/www.schrottwaltner.at\/en\/wp-json\/wp\/v2\/comments?post=849"}],"version-history":[{"count":0,"href":"https:\/\/www.schrottwaltner.at\/en\/wp-json\/wp\/v2\/pages\/849\/revisions"}],"wp:attachment":[{"href":"https:\/\/www.schrottwaltner.at\/en\/wp-json\/wp\/v2\/media?parent=849"}],"curies":[{"name":"wp","href":"https:\/\/api.w.org\/{rel}","templated":true}]}}