{"id":54,"date":"2024-06-18T13:21:42","date_gmt":"2024-06-18T11:21:42","guid":{"rendered":"https:\/\/www.schrottwaltner.at\/?page_id=54"},"modified":"2024-07-30T09:45:30","modified_gmt":"2024-07-30T07:45:30","slug":"leistungen","status":"publish","type":"page","link":"https:\/\/www.schrottwaltner.at\/en\/leistungen\/","title":{"rendered":"Services"},"content":{"rendered":"<section class=\"bde-section-54-101 bde-section\">\n              \n  \n  \n\t\n\n  <div class=\"section-background-overlay\"><\/div>\n\n\n<div class=\"section-container\"><\/div>\n<\/section><section class=\"bde-section-54-105 bde-section\">\n              \n  \n  \n\t\n\n  <div class=\"section-background-overlay\"><\/div>\n\n\n<div class=\"section-container\"><h1 class=\"bde-heading-54-106 bde-heading\">\nScrap metal is our material\n<\/h1><div class=\"bde-rich-text-54-121 bde-rich-text breakdance-rich-text-styles\">\n<p>We have the perfect solution for all scrap and all types of scrap metal, from the purchase of scrap iron and non-ferrous metals to dismantling and demolition, and professional disposal and material separation.<\/p>\n<p>As part of <a href=\"https:\/\/www.reon-group.at\/\">REON GROUP<\/a> , we are your point of contact for all matters relating to scrap metal, old metal and iron. We will take your old car, take care of your household metal waste or create customised disposal concepts for companies. We operate at the cutting edge of technology and are constantly working on innovative possibilities for the future.<\/p>\n<p>As part of <a href=\"https:\/\/www.reon-group.at\/\">REON GROUP<\/a> , we create:<\/p>\n<\/div><div class=\"bde-text-54-122 bde-text\">\nResources<br>for generations.\n<\/div><\/div>\n<\/section><section class=\"bde-section-54-134 bde-section\">\n  \n  \n\t\n\n\n\n<div class=\"section-container\"><div class=\"bde-columns-54-135 bde-columns\"><div class=\"bde-column-54-136 bde-column\">\n  \n  \n\t\n\n\n\n<a class=\"bde-container-link-54-179 bde-container-link breakdance-link\" href=\"\/en\/eisenschrott-buntmetalle\/\" target=\"_self\" data-type=\"url\">\n  \n  \n\t\n\n\n\n<div class=\"bde-image-box-54-130 bde-image-box\">\n<div class=\"ee-imagebox-image\">\n  <img loading=\"lazy\" decoding=\"async\" class=\"breakdance-image-object\" src=\"https:\/\/www.schrottwaltner.at\/wp-content\/uploads\/2024\/06\/Leistungen-e1719496272364.png\" width=\"750\" height=\"500\" sizes=\"auto, (max-width: 750px) 100vw, 750px\">\n<\/div>\n<div class=\"ee-imagebox-content\">\n      <h3 class=\"ee-imagebox-title bde-h3\" >Scrap Iron &amp; Non-ferrous Metals<\/h3>\n    \n      <div class=\"ee-imagebox-text\" >Schrott-Waltner has the experience and expertise to process and recycle ferrous and non-ferrous scrap metal to a high standard. The scrap is weighed, inspected, sorted and quality-tested at our locations. This is how \u2018waste\u2019 is turned into a valuable secondary raw material.<\/div>\n    \n  <\/div>\n\n<\/div>\n\n<\/a>\n<\/div><div class=\"bde-column-54-138 bde-column\">\n  \n  \n\t\n\n\n\n<a class=\"bde-container-link-54-180 bde-container-link breakdance-link\" href=\"\/en\/demontage-abbruch\/\" target=\"_self\" data-type=\"url\">\n  \n  \n\t\n\n\n\n<div class=\"bde-image-box-54-139 bde-image-box\">\n<div class=\"ee-imagebox-image\">\n  <img loading=\"lazy\" decoding=\"async\" class=\"breakdance-image-object\" src=\"https:\/\/www.schrottwaltner.at\/wp-content\/uploads\/2024\/07\/Leistungen-Demontage-Schild.png\" width=\"750\" height=\"500\" srcset=\"https:\/\/www.schrottwaltner.at\/wp-content\/uploads\/2024\/07\/Leistungen-Demontage-Schild.png 750w, https:\/\/www.schrottwaltner.at\/wp-content\/uploads\/2024\/07\/Leistungen-Demontage-Schild-300x200.png 300w\" sizes=\"auto, (max-width: 750px) 100vw, 750px\">\n<\/div>\n<div class=\"ee-imagebox-content\">\n      <h3 class=\"ee-imagebox-title bde-h3\" >Dismantling &amp; Demolition<\/h3>\n    \n      <div class=\"ee-imagebox-text\" >Thanks to its decades of experience, Schrott-Waltner offers optimised solutions for plant expansions and the decommissioning of old production lines. Every step of the process is driven by cost-effectiveness, technical expertise and environmental awareness. <\/div>\n    \n  <\/div>\n\n<\/div>\n\n<\/a>\n<\/div><div class=\"bde-column-54-140 bde-column\">\n  \n  \n\t\n\n\n\n<a class=\"bde-container-link-54-181 bde-container-link breakdance-link\" href=\"\/en\/entsorgung-materialtrennung\/\" target=\"_self\" data-type=\"url\">\n  \n  \n\t\n\n\n\n<div class=\"bde-image-box-54-141 bde-image-box\">\n<div class=\"ee-imagebox-image\">\n  <img loading=\"lazy\" decoding=\"async\" class=\"breakdance-image-object\" src=\"https:\/\/www.schrottwaltner.at\/wp-content\/uploads\/2024\/06\/Leistungen3-e1719496302417.png\" width=\"750\" height=\"500\" srcset=\"https:\/\/www.schrottwaltner.at\/wp-content\/uploads\/2024\/06\/Leistungen3-e1719496302417.png 750w, https:\/\/www.schrottwaltner.at\/wp-content\/uploads\/2024\/06\/Leistungen3-e1719496302417-300x200.png 300w\" sizes=\"auto, (max-width: 750px) 100vw, 750px\">\n<\/div>\n<div class=\"ee-imagebox-content\">\n      <h3 class=\"ee-imagebox-title bde-h3\" >Disposal &amp; Material Separation<\/h3>\n    \n      <div class=\"ee-imagebox-text\" >A precise analysis and material separation is essential for the recycling and environmentally friendly disposal of scrap. Schrott-Waltner has the expertise and the authorisation to do so, which is particularly advantageous for companies with environmental management systems.<\/div>\n    \n  <\/div>\n\n<\/div>\n\n<\/a>\n<\/div><\/div><\/div>\n<\/section><section class=\"bde-section-54-142 bde-section\">\n  \n  \n\t\n\n\n\n<div class=\"section-container\"><div class=\"bde-columns-54-143 bde-columns\"><div class=\"bde-column-54-144 bde-column\">\n  \n  \n\t\n\n\n\n<h2 class=\"bde-heading-54-145 bde-heading\">\nZahlen und Fakten\n<\/h2><div class=\"bde-text-54-161 bde-text\">\nAls REON GROUP unterst\u00fctzen wir dabei, den Wert der Dinge zu erkennen und L\u00f6sungen zu schaffen, die aus alt, neu machen.\n<\/div><div class=\"bde-text-54-146 bde-text\">\n\n<\/div><div class=\"bde-masker-54-177 bde-masker\" data-parallax=\"true\"><div class=\"bde-image-54-178 bde-image\" data-parallax=\"true\">\n<figure class=\"breakdance-image breakdance-image--164\">\n\t<div class=\"breakdance-image-container\">\n\t\t<div class=\"breakdance-image-clip\"><img loading=\"lazy\" decoding=\"async\" class=\"breakdance-image-object\" src=\"https:\/\/www.schrottwaltner.at\/wp-content\/uploads\/2024\/06\/golden-copy-scaled.jpg\" width=\"2560\" height=\"1707\" srcset=\"https:\/\/www.schrottwaltner.at\/wp-content\/uploads\/2024\/06\/golden-copy-scaled.jpg 2560w, https:\/\/www.schrottwaltner.at\/wp-content\/uploads\/2024\/06\/golden-copy-300x200.jpg 300w, https:\/\/www.schrottwaltner.at\/wp-content\/uploads\/2024\/06\/golden-copy-1024x683.jpg 1024w, https:\/\/www.schrottwaltner.at\/wp-content\/uploads\/2024\/06\/golden-copy-768x512.jpg 768w, https:\/\/www.schrottwaltner.at\/wp-content\/uploads\/2024\/06\/golden-copy-1536x1024.jpg 1536w, https:\/\/www.schrottwaltner.at\/wp-content\/uploads\/2024\/06\/golden-copy-2048x1365.jpg 2048w\" sizes=\"auto, (max-width: 2560px) 100vw, 2560px\"><\/div>\n\t<\/div><\/figure>\n\n<\/div>\r\n<\/div>\n<\/div><div class=\"bde-column-54-147 bde-column\">\n  \n  \n\t\n\n\n\n<div class=\"bde-columns-54-148 bde-columns\"><div class=\"bde-column-54-149 bde-column\">\n  \n  \n\t\n\n\n\n<div class=\"bde-icon-box-54-150 bde-icon-box\">\n\n    \n            <div class=\"ee-iconbox-icon breakdance-icon-atom\" >\n    \n                    <svg xmlns=\"http:\/\/www.w3.org\/2000\/svg\" id=\"Capa_1\" enable-background=\"new 0 0 512 512\" viewbox=\"0 0 512 512\"><g><path d=\"m296.757 0-275.544 275.544h194.03l275.544-275.544z\"\/><path d=\"m0 305.544h206.456v206.456h-206.456z\"\/><path d=\"m236.456 296.757v194.03l275.544-275.544v-194.03z\"\/><\/g><g\/><g\/><g\/><g\/><g\/><g\/><g\/><g\/><g\/><g\/><g\/><g\/><g\/><g\/><g\/><\/svg>\n        \n        \n        \n            <\/div>\n    \n\n<div class=\"ee-iconbox-content\">\n      <h3 class=\"ee-iconbox-title bde-h3\" >Sekund\u00e4rrohstoffe<\/h3>\n        <div class=\"ee-iconbox-text\" >Wir setzen wir j\u00e4hrlich rund 1 Million Tonnen Sekund\u00e4rrohstoffe um.<\/div>\n    <\/div>\n\n<\/div>\n<\/div><div class=\"bde-column-54-151 bde-column\">\n  \n  \n\t\n\n\n\n<div class=\"bde-icon-box-54-152 bde-icon-box\">\n\n    \n            <div class=\"ee-iconbox-icon breakdance-icon-atom\" >\n    \n                    <svg xmlns=\"http:\/\/www.w3.org\/2000\/svg\" viewbox=\"0 0 512 512\"><!-- Font Awesome Free 5.15.1 by @fontawesome - https:\/\/fontawesome.com License - https:\/\/fontawesome.com\/license\/free (Icons: CC BY 4.0, Fonts: SIL OFL 1.1, Code: MIT License) --><path d=\"M184.561 261.903c3.232 13.997-12.123 24.635-24.068 17.168l-40.736-25.455-50.867 81.402C55.606 356.273 70.96 384 96.012 384H148c6.627 0 12 5.373 12 12v40c0 6.627-5.373 12-12 12H96.115c-75.334 0-121.302-83.048-81.408-146.88l50.822-81.388-40.725-25.448c-12.081-7.547-8.966-25.961 4.879-29.158l110.237-25.45c8.611-1.988 17.201 3.381 19.189 11.99l25.452 110.237zm98.561-182.915l41.289 66.076-40.74 25.457c-12.051 7.528-9 25.953 4.879 29.158l110.237 25.45c8.672 1.999 17.215-3.438 19.189-11.99l25.45-110.237c3.197-13.844-11.99-24.719-24.068-17.168l-40.687 25.424-41.263-66.082c-37.521-60.033-125.209-60.171-162.816 0l-17.963 28.766c-3.51 5.62-1.8 13.021 3.82 16.533l33.919 21.195c5.62 3.512 13.024 1.803 16.536-3.817l17.961-28.743c12.712-20.341 41.973-19.676 54.257-.022zM497.288 301.12l-27.515-44.065c-3.511-5.623-10.916-7.334-16.538-3.821l-33.861 21.159c-5.62 3.512-7.33 10.915-3.818 16.536l27.564 44.112c13.257 21.211-2.057 48.96-27.136 48.96H320V336.02c0-14.213-17.242-21.383-27.313-11.313l-80 79.981c-6.249 6.248-6.249 16.379 0 22.627l80 79.989C302.689 517.308 320 510.3 320 495.989V448h95.88c75.274 0 121.335-82.997 81.408-146.88z\"\/><\/svg>\n        \n        \n        \n            <\/div>\n    \n\n<div class=\"ee-iconbox-content\">\n      <p class=\"ee-iconbox-title bde-h3\" >Substitution<\/p>\n        <div class=\"ee-iconbox-text\" >Die Substitution von Prim\u00e4rrohstoffen durch Sekund\u00e4rrohstoffe spart 1,2 Tonnen CO\u00b2 pro erzeugter Tonne Stahl ein. <\/div>\n    <\/div>\n\n<\/div>\n<\/div><\/div><div class=\"bde-columns-54-153 bde-columns\"><div class=\"bde-column-54-154 bde-column\">\n  \n  \n\t\n\n\n\n<div class=\"bde-icon-box-54-155 bde-icon-box\">\n\n    \n            <div class=\"ee-iconbox-icon breakdance-icon-atom\" >\n    \n                    <svg xmlns=\"http:\/\/www.w3.org\/2000\/svg\" id=\"icon-cloud-upload\" viewbox=\"0 0 32 32\">\n<path d=\"M27.883 12.078c0.076-0.347 0.117-0.708 0.117-1.078 0-2.761-2.239-5-5-5-0.444 0-0.875 0.058-1.285 0.167-0.775-2.417-3.040-4.167-5.715-4.167-2.73 0-5.033 1.823-5.76 4.318-0.711-0.207-1.462-0.318-2.24-0.318-4.418 0-8 3.582-8 8s3.582 8 8 8h4v6h8v-6h7c2.761 0 5-2.239 5-5 0-2.46-1.777-4.505-4.117-4.922zM18 20v6h-4v-6h-5l7-7 7 7h-5z\"\/>\n<\/svg>\n        \n        \n        \n            <\/div>\n    \n\n<div class=\"ee-iconbox-content\">\n      <p class=\"ee-iconbox-title bde-h3\" >CO\u00b2 Aussto\u00df<\/p>\n        <div class=\"ee-iconbox-text\" >Das verhindert einen CO\u00b2-Aussto\u00df von \u00fcber 1 Million Tonnen pro Jahr. <\/div>\n    <\/div>\n\n<\/div>\n<\/div><div class=\"bde-column-54-156 bde-column\">\n  \n  \n\t\n\n\n\n<div class=\"bde-icon-box-54-157 bde-icon-box\">\n\n    \n            <div class=\"ee-iconbox-icon breakdance-icon-atom\" >\n    \n                    <svg xmlns=\"http:\/\/www.w3.org\/2000\/svg\" id=\"icon-key2\" viewbox=\"0 0 32 32\">\n<path d=\"M31.317 9.82l-3.16-3.159c-0.775-0.775-2.043-2.043-2.818-2.818l-3.16-3.159c-0.775-0.775-2.155-0.911-3.067-0.304l-8.639 5.759c-0.912 0.608-1.257 1.907-0.767 2.887l2.203 4.405c0.067 0.135 0.145 0.278 0.231 0.427l-11.142 11.142-1 7h6v-2h4v-4h4v-4h4v-2.225c0.2 0.119 0.392 0.226 0.569 0.314l4.405 2.203c0.98 0.49 2.279 0.145 2.887-0.767l5.759-8.639c0.608-0.912 0.471-2.292-0.304-3.066zM4.707 26.707l-1.414-1.414 9.737-9.737 1.414 1.414-9.737 9.737zM28.657 13.243l-1.414 1.414c-0.389 0.389-1.025 0.389-1.414 0l-8.485-8.485c-0.389-0.389-0.389-1.025 0-1.414l1.414-1.414c0.389-0.389 1.025-0.389 1.414 0l8.485 8.485c0.389 0.389 0.389 1.025 0 1.414z\"\/>\n<\/svg>\n        \n        \n        \n            <\/div>\n    \n\n<div class=\"ee-iconbox-content\">\n      <p class=\"ee-iconbox-title bde-h3\" >Schl\u00fcssellieferant<\/p>\n        <div class=\"ee-iconbox-text\" >Wir vereinen f\u00fchrende Recyclingunternehmen im Eisen- und Metallbereich und sind ein Schl\u00fcssellieferant der heimischen Stahlindustrie.<\/div>\n    <\/div>\n\n<\/div>\n<\/div><\/div>\n<\/div><\/div><\/div>\n<\/section><section class=\"bde-section-54-108 bde-section\">\n  \n  \n\t\n\n\n\n<div class=\"section-container\"><div class=\"bde-gallery-54-109 bde-gallery\">\n\n\n  \n\n\n\n\n\n\n\n  \n\n  <div class=\"ee-gallery-swiper breakdance-swiper-wrapper\" data-swiper-id=\"109\">\n    <div class=\"swiper\">\n\n<div class=\"ee-gallery ee-gallery--gallery-slider ee-gallery--slider ee-gallery-- ee-gallery--lightbox ee-gallery-- ee-gallery--caption- ee-gallery--caption-none ee-gallery--ratio swiper-wrapper\">\n                  \n      <a class=\"ee-gallery-item ee-gallery-item--image ee-gallery-item--single swiper-slide\" href=\"https:\/\/www.schrottwaltner.at\/wp-content\/uploads\/2024\/07\/Bahnhofguertel-Bagger-Liebherr-scaled.jpg\"  data-sub-html=\"<span><\/span>\" data-category=\"1\"                  data-lg-size=\"2560-1706\"\n\n      >\n        <figure class=\"ee-gallery-item-figure\">\n                        <img loading=\"lazy\" decoding=\"async\" class=\"breakdance-image-object\" src=\"https:\/\/www.schrottwaltner.at\/wp-content\/uploads\/2024\/07\/Bahnhofguertel-Bagger-Liebherr-768x512.jpg\" width=\"768\" height=\"512\" srcset=\"https:\/\/www.schrottwaltner.at\/wp-content\/uploads\/2024\/07\/Bahnhofguertel-Bagger-Liebherr-scaled.jpg 2560w, https:\/\/www.schrottwaltner.at\/wp-content\/uploads\/2024\/07\/Bahnhofguertel-Bagger-Liebherr-300x200.jpg 300w, https:\/\/www.schrottwaltner.at\/wp-content\/uploads\/2024\/07\/Bahnhofguertel-Bagger-Liebherr-1024x683.jpg 1024w, https:\/\/www.schrottwaltner.at\/wp-content\/uploads\/2024\/07\/Bahnhofguertel-Bagger-Liebherr-768x512.jpg 768w, https:\/\/www.schrottwaltner.at\/wp-content\/uploads\/2024\/07\/Bahnhofguertel-Bagger-Liebherr-1536x1024.jpg 1536w, https:\/\/www.schrottwaltner.at\/wp-content\/uploads\/2024\/07\/Bahnhofguertel-Bagger-Liebherr-2048x1365.jpg 2048w\" sizes=\"auto, (max-width: 2560px) 100vw, 2560px\">\n          \n                  <\/figure>\n      <\/a>\n\n                \n      <a class=\"ee-gallery-item ee-gallery-item--image ee-gallery-item--single swiper-slide\" href=\"https:\/\/www.schrottwaltner.at\/wp-content\/uploads\/2024\/07\/Kupfer-R61-3.jpeg\"  data-sub-html=\"<span><\/span>\" data-category=\"1\"                  data-lg-size=\"2048-1536\"\n\n      >\n        <figure class=\"ee-gallery-item-figure\">\n                        <img loading=\"lazy\" decoding=\"async\" class=\"breakdance-image-object\" src=\"https:\/\/www.schrottwaltner.at\/wp-content\/uploads\/2024\/07\/Kupfer-R61-3-768x576.jpeg\" width=\"768\" height=\"576\" srcset=\"https:\/\/www.schrottwaltner.at\/wp-content\/uploads\/2024\/07\/Kupfer-R61-3.jpeg 2048w, https:\/\/www.schrottwaltner.at\/wp-content\/uploads\/2024\/07\/Kupfer-R61-3-300x225.jpeg 300w, https:\/\/www.schrottwaltner.at\/wp-content\/uploads\/2024\/07\/Kupfer-R61-3-1024x768.jpeg 1024w, https:\/\/www.schrottwaltner.at\/wp-content\/uploads\/2024\/07\/Kupfer-R61-3-768x576.jpeg 768w, https:\/\/www.schrottwaltner.at\/wp-content\/uploads\/2024\/07\/Kupfer-R61-3-1536x1152.jpeg 1536w\" sizes=\"auto, (max-width: 2048px) 100vw, 2048px\">\n          \n                  <\/figure>\n      <\/a>\n\n                \n      <a class=\"ee-gallery-item ee-gallery-item--image ee-gallery-item--single swiper-slide\" href=\"https:\/\/www.schrottwaltner.at\/wp-content\/uploads\/2024\/07\/Raiffeisenstrasse-Schrottschere-e1720608418532.jpg\"  data-sub-html=\"<span><\/span>\" data-category=\"1\"                  data-lg-size=\"1400-949\"\n\n      >\n        <figure class=\"ee-gallery-item-figure\">\n                        <img loading=\"lazy\" decoding=\"async\" class=\"breakdance-image-object\" src=\"https:\/\/www.schrottwaltner.at\/wp-content\/uploads\/2024\/07\/Raiffeisenstrasse-Schrottschere-e1720608418532-768x521.jpg\" width=\"768\" height=\"521\" srcset=\"https:\/\/www.schrottwaltner.at\/wp-content\/uploads\/2024\/07\/Raiffeisenstrasse-Schrottschere-e1720608418532.jpg 1400w, https:\/\/www.schrottwaltner.at\/wp-content\/uploads\/2024\/07\/Raiffeisenstrasse-Schrottschere-e1720608418532-300x203.jpg 300w, https:\/\/www.schrottwaltner.at\/wp-content\/uploads\/2024\/07\/Raiffeisenstrasse-Schrottschere-e1720608418532-1024x694.jpg 1024w, https:\/\/www.schrottwaltner.at\/wp-content\/uploads\/2024\/07\/Raiffeisenstrasse-Schrottschere-e1720608418532-768x521.jpg 768w\" sizes=\"auto, (max-width: 1400px) 100vw, 1400px\">\n          \n                  <\/figure>\n      <\/a>\n\n                \n      <a class=\"ee-gallery-item ee-gallery-item--image ee-gallery-item--single swiper-slide\" href=\"https:\/\/www.schrottwaltner.at\/wp-content\/uploads\/2024\/07\/Autogenschneiden-scaled.jpg\"  data-sub-html=\"<span><\/span>\" data-category=\"1\"                  data-lg-size=\"2560-2161\"\n\n      >\n        <figure class=\"ee-gallery-item-figure\">\n                        <img loading=\"lazy\" decoding=\"async\" class=\"breakdance-image-object\" src=\"https:\/\/www.schrottwaltner.at\/wp-content\/uploads\/2024\/07\/Autogenschneiden-768x648.jpg\" width=\"768\" height=\"648\" srcset=\"https:\/\/www.schrottwaltner.at\/wp-content\/uploads\/2024\/07\/Autogenschneiden-scaled.jpg 2560w, https:\/\/www.schrottwaltner.at\/wp-content\/uploads\/2024\/07\/Autogenschneiden-300x253.jpg 300w, https:\/\/www.schrottwaltner.at\/wp-content\/uploads\/2024\/07\/Autogenschneiden-1024x864.jpg 1024w, https:\/\/www.schrottwaltner.at\/wp-content\/uploads\/2024\/07\/Autogenschneiden-768x648.jpg 768w, https:\/\/www.schrottwaltner.at\/wp-content\/uploads\/2024\/07\/Autogenschneiden-1536x1297.jpg 1536w, https:\/\/www.schrottwaltner.at\/wp-content\/uploads\/2024\/07\/Autogenschneiden-2048x1729.jpg 2048w\" sizes=\"auto, (max-width: 2560px) 100vw, 2560px\">\n          \n                  <\/figure>\n      <\/a>\n\n                \n      <a class=\"ee-gallery-item ee-gallery-item--image ee-gallery-item--single swiper-slide\" href=\"https:\/\/www.schrottwaltner.at\/wp-content\/uploads\/2024\/07\/IMG_4620.jpeg\"  data-sub-html=\"<span><\/span>\" data-category=\"1\"                  data-lg-size=\"2048-1536\"\n\n      >\n        <figure class=\"ee-gallery-item-figure\">\n                        <img loading=\"lazy\" decoding=\"async\" class=\"breakdance-image-object\" src=\"https:\/\/www.schrottwaltner.at\/wp-content\/uploads\/2024\/07\/IMG_4620-768x576.jpeg\" width=\"768\" height=\"576\" srcset=\"https:\/\/www.schrottwaltner.at\/wp-content\/uploads\/2024\/07\/IMG_4620.jpeg 2048w, https:\/\/www.schrottwaltner.at\/wp-content\/uploads\/2024\/07\/IMG_4620-300x225.jpeg 300w, https:\/\/www.schrottwaltner.at\/wp-content\/uploads\/2024\/07\/IMG_4620-1024x768.jpeg 1024w, https:\/\/www.schrottwaltner.at\/wp-content\/uploads\/2024\/07\/IMG_4620-768x576.jpeg 768w, https:\/\/www.schrottwaltner.at\/wp-content\/uploads\/2024\/07\/IMG_4620-1536x1152.jpeg 1536w\" sizes=\"auto, (max-width: 2048px) 100vw, 2048px\">\n          \n                  <\/figure>\n      <\/a>\n\n                \n      <a class=\"ee-gallery-item ee-gallery-item--image ee-gallery-item--single swiper-slide\" href=\"https:\/\/www.schrottwaltner.at\/wp-content\/uploads\/2024\/07\/Al-Kabel.jpg\"  data-sub-html=\"<span><\/span>\" data-category=\"1\"                  data-lg-size=\"1280-960\"\n\n      >\n        <figure class=\"ee-gallery-item-figure\">\n                        <img loading=\"lazy\" decoding=\"async\" class=\"breakdance-image-object\" src=\"https:\/\/www.schrottwaltner.at\/wp-content\/uploads\/2024\/07\/Al-Kabel-768x576.jpg\" width=\"768\" height=\"576\" srcset=\"https:\/\/www.schrottwaltner.at\/wp-content\/uploads\/2024\/07\/Al-Kabel.jpg 1280w, https:\/\/www.schrottwaltner.at\/wp-content\/uploads\/2024\/07\/Al-Kabel-300x225.jpg 300w, https:\/\/www.schrottwaltner.at\/wp-content\/uploads\/2024\/07\/Al-Kabel-1024x768.jpg 1024w, https:\/\/www.schrottwaltner.at\/wp-content\/uploads\/2024\/07\/Al-Kabel-768x576.jpg 768w\" sizes=\"auto, (max-width: 1280px) 100vw, 1280px\">\n          \n                  <\/figure>\n      <\/a>\n\n                \n      <a class=\"ee-gallery-item ee-gallery-item--image ee-gallery-item--single swiper-slide\" href=\"https:\/\/www.schrottwaltner.at\/wp-content\/uploads\/2024\/07\/Bagger20242.jpg\"  data-sub-html=\"<span><\/span>\" data-category=\"1\"                  data-lg-size=\"2016-1512\"\n\n      >\n        <figure class=\"ee-gallery-item-figure\">\n                        <img loading=\"lazy\" decoding=\"async\" class=\"breakdance-image-object\" src=\"https:\/\/www.schrottwaltner.at\/wp-content\/uploads\/2024\/07\/Bagger20242-768x576.jpg\" width=\"768\" height=\"576\" srcset=\"https:\/\/www.schrottwaltner.at\/wp-content\/uploads\/2024\/07\/Bagger20242.jpg 2016w, https:\/\/www.schrottwaltner.at\/wp-content\/uploads\/2024\/07\/Bagger20242-300x225.jpg 300w, https:\/\/www.schrottwaltner.at\/wp-content\/uploads\/2024\/07\/Bagger20242-1024x768.jpg 1024w, https:\/\/www.schrottwaltner.at\/wp-content\/uploads\/2024\/07\/Bagger20242-768x576.jpg 768w, https:\/\/www.schrottwaltner.at\/wp-content\/uploads\/2024\/07\/Bagger20242-1536x1152.jpg 1536w\" sizes=\"auto, (max-width: 2016px) 100vw, 2016px\">\n          \n                  <\/figure>\n      <\/a>\n\n                \n      <a class=\"ee-gallery-item ee-gallery-item--image ee-gallery-item--single swiper-slide\" href=\"https:\/\/www.schrottwaltner.at\/wp-content\/uploads\/2024\/07\/Bagger_2024.jpg\"  data-sub-html=\"<span><\/span>\" data-category=\"1\"                  data-lg-size=\"2016-1512\"\n\n      >\n        <figure class=\"ee-gallery-item-figure\">\n                        <img loading=\"lazy\" decoding=\"async\" class=\"breakdance-image-object\" src=\"https:\/\/www.schrottwaltner.at\/wp-content\/uploads\/2024\/07\/Bagger_2024-768x576.jpg\" width=\"768\" height=\"576\" srcset=\"https:\/\/www.schrottwaltner.at\/wp-content\/uploads\/2024\/07\/Bagger_2024.jpg 2016w, https:\/\/www.schrottwaltner.at\/wp-content\/uploads\/2024\/07\/Bagger_2024-300x225.jpg 300w, https:\/\/www.schrottwaltner.at\/wp-content\/uploads\/2024\/07\/Bagger_2024-1024x768.jpg 1024w, https:\/\/www.schrottwaltner.at\/wp-content\/uploads\/2024\/07\/Bagger_2024-768x576.jpg 768w, https:\/\/www.schrottwaltner.at\/wp-content\/uploads\/2024\/07\/Bagger_2024-1536x1152.jpg 1536w\" sizes=\"auto, (max-width: 2016px) 100vw, 2016px\">\n          \n                  <\/figure>\n      <\/a>\n\n      \n  <\/div>\n\n    <\/div>\n        \n            <div class=\"swiper-pagination\"><\/div>\n    \n  <\/div>\n\n\n<\/div><\/div>\n<\/section>","protected":false},"excerpt":{"rendered":"<p>Altmetall ist unser Werkstoff Wir haben f\u00fcr jeden Schrott und s\u00e4mtliche Altmetalle die perfekte L\u00f6sung von Ankauf von Eisenschrott und Buntmetallen \u00fcber Demontage &amp; Abbruch bis hin zur fachgerechten Entsorgung &amp; Materialtrennung. Als Teil der REON GROUP sind wir Ihr Ansprechpartner rund um Schrott, Altmetall und -eisen. Wir \u00fcbernehmen Ihr Altauto, k\u00fcmmern uns um haushalts\u00fcblichen [&hellip;]<\/p>\n","protected":false},"author":1,"featured_media":0,"parent":0,"menu_order":0,"comment_status":"closed","ping_status":"closed","template":"","meta":{"_breakdance_hide_in_design_set":false,"_breakdance_tags":"","iawp_total_views":1213,"footnotes":""},"class_list":["post-54","page","type-page","status-publish","hentry"],"_links":{"self":[{"href":"https:\/\/www.schrottwaltner.at\/en\/wp-json\/wp\/v2\/pages\/54","targetHints":{"allow":["GET"]}}],"collection":[{"href":"https:\/\/www.schrottwaltner.at\/en\/wp-json\/wp\/v2\/pages"}],"about":[{"href":"https:\/\/www.schrottwaltner.at\/en\/wp-json\/wp\/v2\/types\/page"}],"author":[{"embeddable":true,"href":"https:\/\/www.schrottwaltner.at\/en\/wp-json\/wp\/v2\/users\/1"}],"replies":[{"embeddable":true,"href":"https:\/\/www.schrottwaltner.at\/en\/wp-json\/wp\/v2\/comments?post=54"}],"version-history":[{"count":73,"href":"https:\/\/www.schrottwaltner.at\/en\/wp-json\/wp\/v2\/pages\/54\/revisions"}],"predecessor-version":[{"id":1545,"href":"https:\/\/www.schrottwaltner.at\/en\/wp-json\/wp\/v2\/pages\/54\/revisions\/1545"}],"wp:attachment":[{"href":"https:\/\/www.schrottwaltner.at\/en\/wp-json\/wp\/v2\/media?parent=54"}],"curies":[{"name":"wp","href":"https:\/\/api.w.org\/{rel}","templated":true}]}}