{"id":1040,"date":"2024-07-11T10:43:06","date_gmt":"2024-07-11T08:43:06","guid":{"rendered":"https:\/\/www.schrottwaltner.at\/agb-copy\/"},"modified":"2024-07-25T15:28:16","modified_gmt":"2024-07-25T13:28:16","slug":"hinweisgeberschutzgesetz","status":"publish","type":"page","link":"https:\/\/www.schrottwaltner.at\/en\/hinweisgeberschutzgesetz\/","title":{"rendered":"Whistleblower Protection Act"},"content":{"rendered":"<section class=\"bde-section-1040-101 bde-section\">\n              \n  \n  \n\t\n\n  <div class=\"section-background-overlay\"><\/div>\n\n\n<div class=\"section-container\"><\/div>\n<\/section><section class=\"bde-section-1040-105 bde-section\">\n  \n  \n\t\n\n\n\n<div class=\"section-container\"><h1 class=\"bde-heading-1040-106 bde-heading\">\nWhistleblower Protection Act\n<\/h1><div class=\"bde-rich-text-1040-232 bde-rich-text breakdance-rich-text-styles\">\n<p>Compliance with all legal requirements is our highest priority. Should you nevertheless discover a legal violation within the scope of the Whistleblower Protection Act, you can report it using our whistleblower system \u2013 optionally anonymously.<\/p>\n<\/div><div class=\"bde-button-1040-216 bde-button\">\n        \n    \n    \n    \n    \n            \n                    \n            \n            \n\n    \n    \n    \n    \n    \n    <a class=\"breakdance-link button-atom button-atom--secondary bde-button__button\" href=\"https:\/\/scholzaustriagruppe.integrityline.app\/\" target=\"_blank\" data-type=\"url\"  >\n\n    \n        <span class=\"button-atom__text\">whistleblower system<\/span>\n\n        \n        \n                <\/a>\n\n    \n\n\n<\/div><\/div>\n<\/section>","protected":false},"excerpt":{"rendered":"<p>Hinweisgeberschutzgesetz Die Einhaltung s\u00e4mtlicher gesetzlicher Vorgaben hat f\u00fcr uns h\u00f6chste Priorit\u00e4t. Sollten Sie dennoch einen rechtlichen Versto\u00df im Rahmen des Hinweisgeberschutzgesetzes (\u201eWhistleblowing\u201c) feststellen, k\u00f6nnen Sie diesen mit unserem Hinweisgebersystem \u2013 wahlweise anonym \u2013 melden. Hinweisgebersystem<\/p>","protected":false},"author":1,"featured_media":0,"parent":0,"menu_order":0,"comment_status":"closed","ping_status":"closed","template":"","meta":{"_breakdance_hide_in_design_set":false,"_breakdance_tags":"","iawp_total_views":56,"footnotes":""},"class_list":["post-1040","page","type-page","status-publish","hentry"],"_links":{"self":[{"href":"https:\/\/www.schrottwaltner.at\/en\/wp-json\/wp\/v2\/pages\/1040","targetHints":{"allow":["GET"]}}],"collection":[{"href":"https:\/\/www.schrottwaltner.at\/en\/wp-json\/wp\/v2\/pages"}],"about":[{"href":"https:\/\/www.schrottwaltner.at\/en\/wp-json\/wp\/v2\/types\/page"}],"author":[{"embeddable":true,"href":"https:\/\/www.schrottwaltner.at\/en\/wp-json\/wp\/v2\/users\/1"}],"replies":[{"embeddable":true,"href":"https:\/\/www.schrottwaltner.at\/en\/wp-json\/wp\/v2\/comments?post=1040"}],"version-history":[{"count":7,"href":"https:\/\/www.schrottwaltner.at\/en\/wp-json\/wp\/v2\/pages\/1040\/revisions"}],"predecessor-version":[{"id":1442,"href":"https:\/\/www.schrottwaltner.at\/en\/wp-json\/wp\/v2\/pages\/1040\/revisions\/1442"}],"wp:attachment":[{"href":"https:\/\/www.schrottwaltner.at\/en\/wp-json\/wp\/v2\/media?parent=1040"}],"curies":[{"name":"wp","href":"https:\/\/api.w.org\/{rel}","templated":true}]}}