{"id":1019,"date":"2024-07-10T18:17:49","date_gmt":"2024-07-10T16:17:49","guid":{"rendered":"https:\/\/www.schrottwaltner.at\/leistungen-copy\/"},"modified":"2026-04-02T11:57:59","modified_gmt":"2026-04-02T09:57:59","slug":"karriere","status":"publish","type":"page","link":"https:\/\/www.schrottwaltner.at\/en\/karriere\/","title":{"rendered":"Careers"},"content":{"rendered":"<section class=\"bde-section-1019-101 bde-section\">\n              \n  \n\t\n\n  <div class=\"section-background-overlay\"><\/div>\n\n\n<div class=\"section-container\"><\/div>\n<\/section><section class=\"bde-section-1019-105 bde-section\">\n              \n  \n\t\n\n  <div class=\"section-background-overlay\"><\/div>\n\n\n<div class=\"section-container\"><h1 class=\"bde-heading-1019-106 bde-heading\">\nCareers at SCHROTT WALTNER\n<\/h1><div class=\"bde-rich-text-1019-121 bde-rich-text breakdance-rich-text-styles\">\n<p>Schrott-Waltner GmbH is part of <a href=\"https:\/\/www.reon-group.at\/\">REON GROUP<\/a>. As professionals in the handling of scrap metal, we play an indispensable role in protecting the environment through sustainable recycling. Innovative, sustainable recycling solutions and long-standing, reliable partnerships have guaranteed the company\u2019s success for more than 90 years.<\/p>\n<p><strong>Become part of the SCHROTT WALTNER team!<\/strong><\/p>\n<\/div><\/div>\n<\/section><section class=\"bde-section-1019-183 bde-section\">\n  \n\t\n\n\n\n<div class=\"section-container\"><div class=\"bde-div-1019-184 bde-div\">\n  \n\t\n\n\n\n<h2 class=\"bde-heading-1019-185 bde-heading\">\nCurrent job openings\n<\/h2><div class=\"bde-rich-text-1019-187 bde-rich-text breakdance-rich-text-styles\">\n<p>We are always looking for competent additions to our team. The following are currently advertised jobs:<\/p>\n<\/div>\n<\/div><div class=\"bde-accordion-1019-188 bde-accordion bde-accordion--pills\"><div class=\"bde-accordion__content-wrapper-1019-220 bde-accordion__content-wrapper\">\n<h3 class=\"bde-accordion__title-tag\">\n  <button type=\"button\" class=\"bde-accordion__button\" id=\"accordion-button-220\" aria-controls=\"accordion-panel-220\" aria-expanded=\"false\">\n     <span class=\"bde-accordion__title\" >LKW-Fahrer:in (m\/w\/d)<\/span>\n     <span class=\"bde-accordion__icon bde-accordion__icon--default\"><\/span>\n     <span class=\"bde-accordion__icon bde-accordion__icon--active\"><\/span>\n  <\/button>\n<\/h3>\n\n<div role=\"region\" class=\"bde-accordion__panel\" id=\"accordion-panel-220\" aria-labelledby=\"accordion-button-220\" hidden>\n   <div class=\"bde-columns-1019-221 bde-columns\"><div class=\"bde-column-1019-222 bde-column\">\n  \n\t\n\n\n\n<div class=\"bde-rich-text-1019-223 bde-rich-text breakdance-rich-text-styles\">\n<p>Die Schrott Waltner GmbH, ein Unternehmen der REON GROUP, verst\u00e4rkt ab sofort das Team und sucht eine engagierte Pers\u00f6nlichkeit f\u00fcr den Bereich Transport &amp; Logistik.<\/p>\n<p><strong>Ihr Aufgabenbereich<\/strong><\/p>\n<ul>\n<li>Abholung verschiedener Schrott- und Metallarten mit Kran-LKW und Anh\u00e4nger<\/li>\n<li>Liefer- und Begleitscheinwesen sowie ordnungsgem\u00e4\u00dfe Dokumentation<\/li>\n<li>Verantwortung f\u00fcr Beladung und Ladungssicherung<\/li>\n<li>Pers\u00f6nlicher Kontakt mit unseren Kund:innen<\/li>\n<\/ul>\n<p><strong>\u00a0<\/strong><strong>Ihr Profil<\/strong><\/p>\n<ul>\n<li>F\u00fchrerschein Klasse C &amp; E sowie g\u00fcltige C95-Ausbildung<\/li>\n<li>Kranschein und Fahrpraxis von Vorteil<\/li>\n<li>Hohe Verl\u00e4sslichkeit, P\u00fcnktlichkeit und Verantwortungsbewusstsein<\/li>\n<li>Stressresistenz, sauberes Arbeiten und selbstst\u00e4ndige Arbeitsweise<\/li>\n<li>Gute Kommunikationsf\u00e4higkeit und freundliches Auftreten<\/li>\n<\/ul>\n<p><strong>\u00a0<\/strong><strong>Wir bieten<\/strong><\/p>\n<ul>\n<li>Lohn ab \u20ac 13,90\/Stunde zzgl. Zulagen &amp; Di\u00e4ten (Verhandlungsbasis, gem\u00e4\u00df KV-Arbeiter Handel 2026, Vollzeit)<\/li>\n<li>Umfassende Einschulung und schnelle Integration ins Team<\/li>\n<li>P\u00fcnktliche Gehaltszahlung, sicherer Arbeitsplatz und modern ausgestattete LKW<\/li>\n<li>Arbeitskleidung inkl. Reinigung<\/li>\n<li>Zahlreiche Benefits: Obst &amp; Getr\u00e4nke, Weiterbildungsm\u00f6glichkeiten, kostenlose Parkpl\u00e4tze u.v.m.<\/li>\n<li>Angenehme Arbeitszeiten: Mo\u2013Do: 06:00\u201315:30 Uhr, Fr: 06:00\u201312:00 Uhr<\/li>\n<\/ul>\n<\/div>\n<\/div><div class=\"bde-column-1019-224 bde-column\">\n  \n\t\n\n\n\n<div class=\"bde-icon-list-1019-225 bde-icon-list\">\n<ul>\n  \n              \n    <li>\n              <div class='bde-icon-list__item-wrapper'>\n      \n      <span class='bde-icon-list__icon'>\n        <svg xmlns=\"http:\/\/www.w3.org\/2000\/svg\" viewbox=\"0 0 576 512\"><!-- Font Awesome Free 5.15.1 by @fontawesome - https:\/\/fontawesome.com License - https:\/\/fontawesome.com\/license\/free (Icons: CC BY 4.0, Fonts: SIL OFL 1.1, Code: MIT License) --><path d=\"M288 0c-69.59 0-126 56.41-126 126 0 56.26 82.35 158.8 113.9 196.02 6.39 7.54 17.82 7.54 24.2 0C331.65 284.8 414 182.26 414 126 414 56.41 357.59 0 288 0zM20.12 215.95A32.006 32.006 0 0 0 0 245.66v250.32c0 11.32 11.43 19.06 21.94 14.86L160 448V214.92c-8.84-15.98-16.07-31.54-21.25-46.42L20.12 215.95zM288 359.67c-14.07 0-27.38-6.18-36.51-16.96-19.66-23.2-40.57-49.62-59.49-76.72v182l192 64V266c-18.92 27.09-39.82 53.52-59.49 76.72-9.13 10.77-22.44 16.95-36.51 16.95zm266.06-198.51L416 224v288l139.88-55.95A31.996 31.996 0 0 0 576 426.34V176.02c0-11.32-11.43-19.06-21.94-14.86z\"\/><\/svg>\n      <\/span>\n      <span class='bde-icon-list__text' >\n      Raiffeisenstra\u00dfe 61, 8010 Graz\n      <\/span>\n              <\/div>\n      \n    <\/li>\n\n  \n              \n    <li>\n              <div class='bde-icon-list__item-wrapper'>\n      \n      <span class='bde-icon-list__icon'>\n        <svg xmlns=\"http:\/\/www.w3.org\/2000\/svg\" viewbox=\"0 0 640 512\"><!-- Font Awesome Free 5.15.1 by @fontawesome - https:\/\/fontawesome.com License - https:\/\/fontawesome.com\/license\/free (Icons: CC BY 4.0, Fonts: SIL OFL 1.1, Code: MIT License) --><path d=\"M496 224c-79.59 0-144 64.41-144 144s64.41 144 144 144 144-64.41 144-144-64.41-144-144-144zm64 150.29c0 5.34-4.37 9.71-9.71 9.71h-60.57c-5.34 0-9.71-4.37-9.71-9.71v-76.57c0-5.34 4.37-9.71 9.71-9.71h12.57c5.34 0 9.71 4.37 9.71 9.71V352h38.29c5.34 0 9.71 4.37 9.71 9.71v12.58zM496 192c5.4 0 10.72.33 16 .81V144c0-25.6-22.4-48-48-48h-80V48c0-25.6-22.4-48-48-48H176c-25.6 0-48 22.4-48 48v48H48c-25.6 0-48 22.4-48 48v80h395.12c28.6-20.09 63.35-32 100.88-32zM320 96H192V64h128v32zm6.82 224H208c-8.84 0-16-7.16-16-16v-48H0v144c0 25.6 22.4 48 48 48h291.43C327.1 423.96 320 396.82 320 368c0-16.66 2.48-32.72 6.82-48z\"\/><\/svg>\n      <\/span>\n      <span class='bde-icon-list__text' >\n      Full time\n      <\/span>\n              <\/div>\n      \n    <\/li>\n\n  \n              \n    <li>\n              <div class='bde-icon-list__item-wrapper'>\n      \n      <span class='bde-icon-list__icon'>\n        <svg xmlns=\"http:\/\/www.w3.org\/2000\/svg\" id=\"icon-clock\" viewbox=\"0 0 32 32\">\n<path d=\"M20.586 23.414l-6.586-6.586v-8.828h4v7.172l5.414 5.414zM16 0c-8.837 0-16 7.163-16 16s7.163 16 16 16 16-7.163 16-16-7.163-16-16-16zM16 28c-6.627 0-12-5.373-12-12s5.373-12 12-12c6.627 0 12 5.373 12 12s-5.373 12-12 12z\"\/>\n<\/svg>\n      <\/span>\n      <span class='bde-icon-list__text' >\n      38.5 hours\n      <\/span>\n              <\/div>\n      \n    <\/li>\n\n  \n              \n    <li>\n              <div class='bde-icon-list__item-wrapper'>\n      \n      <span class='bde-icon-list__icon'>\n        <svg xmlns=\"http:\/\/www.w3.org\/2000\/svg\" id=\"icon-calendar\" viewbox=\"0 0 32 32\">\n<path d=\"M10 12h4v4h-4zM16 12h4v4h-4zM22 12h4v4h-4zM4 24h4v4h-4zM10 24h4v4h-4zM16 24h4v4h-4zM10 18h4v4h-4zM16 18h4v4h-4zM22 18h4v4h-4zM4 18h4v4h-4zM26 0v2h-4v-2h-14v2h-4v-2h-4v32h30v-32h-4zM28 30h-26v-22h26v22z\"\/>\n<\/svg>\n      <\/span>\n      <span class='bde-icon-list__text' >\n      Start immediately\n      <\/span>\n              <\/div>\n      \n    <\/li>\n\n  <\/ul>\n\n<\/div><div class=\"bde-rich-text-1019-226 bde-rich-text breakdance-rich-text-styles\">\n<p>Ihre aussagekr\u00e4ftigen Bewerbungsunterlagen (Lebenslauf, (Dienst-)Zeugnisse, Foto) senden sie bitte ausschlie\u00dflich per Mail an:<\/p>\n<p>\u00a0<\/p>\n<p><strong>SCHROTT - WALTNER Eisen, Metalle, Maschinen Ges.m.b.H.<\/strong><\/p>\n<p>z. Hd. Fr. Maria Magdalena Schemmerl<\/p>\n<p>0664 \/ 804 63 167<\/p>\n<p>Bahnhofg\u00fcrtel 41<\/p>\n<p>8020 Graz<\/p>\n<p><a href=\"mailto:maria.schemmerl@schrottwaltner.at\">maria.schemmerl@schrottwaltner.at<\/a><\/p>\n<\/div><div class=\"bde-button-1019-227 bde-button\">\n    \n                                    \n    \n    \n    \n    \n            \n                    \n            \n            \n\n    \n    \n    \n    \n    \n    <a class=\"breakdance-link button-atom button-atom--primary bde-button__button\" href=\"mailto:maria.schemmerl@schrottwaltner.at?subject=&body=\" target=\"_self\" data-type=\"contact\"  >\n\n    \n        <span class=\"button-atom__text\">Apply now<\/span>\n\n        \n        \n                <\/a>\n\n    \n\n\n<\/div>\n<\/div><\/div>\n<\/div>\n\n\n\n<\/div><div class=\"bde-accordion__content-wrapper-1019-228 bde-accordion__content-wrapper\">\n<h3 class=\"bde-accordion__title-tag\">\n  <button type=\"button\" class=\"bde-accordion__button\" id=\"accordion-button-228\" aria-controls=\"accordion-panel-228\" aria-expanded=\"false\">\n     <span class=\"bde-accordion__title\" >Baggerfahrer:in (m\/w\/d)<\/span>\n     <span class=\"bde-accordion__icon bde-accordion__icon--default\"><\/span>\n     <span class=\"bde-accordion__icon bde-accordion__icon--active\"><\/span>\n  <\/button>\n<\/h3>\n\n<div role=\"region\" class=\"bde-accordion__panel\" id=\"accordion-panel-228\" aria-labelledby=\"accordion-button-228\" hidden>\n   <div class=\"bde-columns-1019-229 bde-columns\"><div class=\"bde-column-1019-230 bde-column\">\n  \n\t\n\n\n\n<div class=\"bde-rich-text-1019-231 bde-rich-text breakdance-rich-text-styles\">\n<p>Die Schrott Waltner GmbH ist Teil der REON GROUP und sucht ab sofort Sie zur Unterst\u00fctzung unseres Teams am Standort Raiffeisenstra\u00dfe 61, 8010 Graz.<\/p>\n<p><strong>Ihr zuk\u00fcnftiges T\u00e4tigkeitsfeld umfasst:<\/strong><\/p>\n<ul>\n<li>Fahren und Bedienen von Recyclingumschlagger\u00e4ten: Bagger, Stapler, usw. am Standort<\/li>\n<li>Loading and unloading of lorries and wagons<\/li>\n<li>Beschicken unserer Aggregate z.B. der Schrottschere<\/li>\n<li>Kleine Wartungst\u00e4tigkeit\/Abschmieren von Umschlagger\u00e4ten<\/li>\n<\/ul>\n<p><strong>Das sollten Sie mitbringen:<\/strong><\/p>\n<ul>\n<li>Interest in scrap metal trade<\/li>\n<li>Verl\u00e4sslichkeit, P\u00fcnktlichkeit, Verantwortungsbewusstsein, Stressresistenz, Sauberkeit und Selbstst\u00e4ndigkeit<\/li>\n<li>Gute Kommunikation und Deutschkenntnisse gepaart mit Ihrem positiven Auftreten gegen\u00fcber Kolleg:innen, Kund:innen und Lieferant:innen<\/li>\n<\/ul>\n<p><strong>Das k\u00f6nnen wir Ihnen bieten:<\/strong><\/p>\n<ul>\n<li>Lohn ab \u20ac 13,55\/Stunde zzgl. Zulagen mit Bereitschaft zur \u00dcberzahlung bei entsprechender Qualifikation und Erfahrung (gem. KV-Arbeiter Handel 2025, Vollzeitanstellung)<\/li>\n<li>Eine gute Integration sowie umfassende Einschulung sind f\u00fcr uns eine Selbstverst\u00e4ndlichkeit<\/li>\n<li>P\u00fcnktliche Gehaltszahlung, sicherer Arbeitsplatz, moderne Maschinen und Arbeitskleidung inkl. Reinigung<\/li>\n<li>Sowie diverse Benefits wie Obst, Getr\u00e4nke, Weiterbildungsm\u00f6glichkeiten, kostenfreie Parkpl\u00e4tze am Firmengel\u00e4nde, etc.<\/li>\n<li>Und angenehme Arbeitszeiten im 1-Schichtbetrieb Mo. \u2013 Do. 7:00 \u2013 16:00 Uhr und Fr. 6:45 \u2013 12:30 Uhr<\/li>\n<\/ul>\n<\/div>\n<\/div><div class=\"bde-column-1019-232 bde-column\">\n  \n\t\n\n\n\n<div class=\"bde-icon-list-1019-233 bde-icon-list\">\n<ul>\n  \n              \n    <li>\n              <div class='bde-icon-list__item-wrapper'>\n      \n      <span class='bde-icon-list__icon'>\n        <svg xmlns=\"http:\/\/www.w3.org\/2000\/svg\" viewbox=\"0 0 576 512\"><!-- Font Awesome Free 5.15.1 by @fontawesome - https:\/\/fontawesome.com License - https:\/\/fontawesome.com\/license\/free (Icons: CC BY 4.0, Fonts: SIL OFL 1.1, Code: MIT License) --><path d=\"M288 0c-69.59 0-126 56.41-126 126 0 56.26 82.35 158.8 113.9 196.02 6.39 7.54 17.82 7.54 24.2 0C331.65 284.8 414 182.26 414 126 414 56.41 357.59 0 288 0zM20.12 215.95A32.006 32.006 0 0 0 0 245.66v250.32c0 11.32 11.43 19.06 21.94 14.86L160 448V214.92c-8.84-15.98-16.07-31.54-21.25-46.42L20.12 215.95zM288 359.67c-14.07 0-27.38-6.18-36.51-16.96-19.66-23.2-40.57-49.62-59.49-76.72v182l192 64V266c-18.92 27.09-39.82 53.52-59.49 76.72-9.13 10.77-22.44 16.95-36.51 16.95zm266.06-198.51L416 224v288l139.88-55.95A31.996 31.996 0 0 0 576 426.34V176.02c0-11.32-11.43-19.06-21.94-14.86z\"\/><\/svg>\n      <\/span>\n      <span class='bde-icon-list__text' >\n      Graz\n      <\/span>\n              <\/div>\n      \n    <\/li>\n\n  \n              \n    <li>\n              <div class='bde-icon-list__item-wrapper'>\n      \n      <span class='bde-icon-list__icon'>\n        <svg xmlns=\"http:\/\/www.w3.org\/2000\/svg\" viewbox=\"0 0 640 512\"><!-- Font Awesome Free 5.15.1 by @fontawesome - https:\/\/fontawesome.com License - https:\/\/fontawesome.com\/license\/free (Icons: CC BY 4.0, Fonts: SIL OFL 1.1, Code: MIT License) --><path d=\"M496 224c-79.59 0-144 64.41-144 144s64.41 144 144 144 144-64.41 144-144-64.41-144-144-144zm64 150.29c0 5.34-4.37 9.71-9.71 9.71h-60.57c-5.34 0-9.71-4.37-9.71-9.71v-76.57c0-5.34 4.37-9.71 9.71-9.71h12.57c5.34 0 9.71 4.37 9.71 9.71V352h38.29c5.34 0 9.71 4.37 9.71 9.71v12.58zM496 192c5.4 0 10.72.33 16 .81V144c0-25.6-22.4-48-48-48h-80V48c0-25.6-22.4-48-48-48H176c-25.6 0-48 22.4-48 48v48H48c-25.6 0-48 22.4-48 48v80h395.12c28.6-20.09 63.35-32 100.88-32zM320 96H192V64h128v32zm6.82 224H208c-8.84 0-16-7.16-16-16v-48H0v144c0 25.6 22.4 48 48 48h291.43C327.1 423.96 320 396.82 320 368c0-16.66 2.48-32.72 6.82-48z\"\/><\/svg>\n      <\/span>\n      <span class='bde-icon-list__text' >\n      Full time\n      <\/span>\n              <\/div>\n      \n    <\/li>\n\n  \n              \n    <li>\n              <div class='bde-icon-list__item-wrapper'>\n      \n      <span class='bde-icon-list__icon'>\n        <svg xmlns=\"http:\/\/www.w3.org\/2000\/svg\" id=\"icon-clock\" viewbox=\"0 0 32 32\">\n<path d=\"M20.586 23.414l-6.586-6.586v-8.828h4v7.172l5.414 5.414zM16 0c-8.837 0-16 7.163-16 16s7.163 16 16 16 16-7.163 16-16-7.163-16-16-16zM16 28c-6.627 0-12-5.373-12-12s5.373-12 12-12c6.627 0 12 5.373 12 12s-5.373 12-12 12z\"\/>\n<\/svg>\n      <\/span>\n      <span class='bde-icon-list__text' >\n      38.5 hours\n      <\/span>\n              <\/div>\n      \n    <\/li>\n\n  \n              \n    <li>\n              <div class='bde-icon-list__item-wrapper'>\n      \n      <span class='bde-icon-list__icon'>\n        <svg xmlns=\"http:\/\/www.w3.org\/2000\/svg\" id=\"icon-calendar\" viewbox=\"0 0 32 32\">\n<path d=\"M10 12h4v4h-4zM16 12h4v4h-4zM22 12h4v4h-4zM4 24h4v4h-4zM10 24h4v4h-4zM16 24h4v4h-4zM10 18h4v4h-4zM16 18h4v4h-4zM22 18h4v4h-4zM4 18h4v4h-4zM26 0v2h-4v-2h-14v2h-4v-2h-4v32h30v-32h-4zM28 30h-26v-22h26v22z\"\/>\n<\/svg>\n      <\/span>\n      <span class='bde-icon-list__text' >\n      Start immediately\n      <\/span>\n              <\/div>\n      \n    <\/li>\n\n  <\/ul>\n\n<\/div><div class=\"bde-rich-text-1019-234 bde-rich-text breakdance-rich-text-styles\">\n<p>Ihre aussagekr\u00e4ftigen Bewerbungsunterlagen (Lebenslauf, (Dienst-)Zeugnisse, Foto) senden sie bitte ausschlie\u00dflich per Mail an:<\/p>\n<p>\u00a0<\/p>\n<p><strong>SCHROTT - WALTNER Eisen, Metalle, Maschinen Ges.m.b.H.<\/strong><\/p>\n<p>z. Hd. Fr. Maria Magdalena Schemmerl<\/p>\n<p>0664 \/ 804 63 167<\/p>\n<p>Bahnhofg\u00fcrtel 41<\/p>\n<p>8020 Graz<\/p>\n<p><a href=\"mailto:maria.schemmerl@schrottwaltner.at\">maria.schemmerl@schrottwaltner.at<\/a><\/p>\n<\/div><div class=\"bde-button-1019-235 bde-button\">\n    \n                                    \n    \n    \n    \n    \n            \n                    \n            \n            \n\n    \n    \n    \n    \n    \n    <a class=\"breakdance-link button-atom button-atom--primary bde-button__button\" href=\"mailto:maria.schemmerl@schrottwaltner.at?subject=&body=\" target=\"_self\" data-type=\"contact\"  >\n\n    \n        <span class=\"button-atom__text\">Apply now<\/span>\n\n        \n        \n                <\/a>\n\n    \n\n\n<\/div>\n<\/div><\/div>\n<\/div>\n\n\n\n<\/div><div class=\"bde-accordion__content-wrapper-1019-212 bde-accordion__content-wrapper\">\n<h3 class=\"bde-accordion__title-tag\">\n  <button type=\"button\" class=\"bde-accordion__button\" id=\"accordion-button-212\" aria-controls=\"accordion-panel-212\" aria-expanded=\"false\">\n     <span class=\"bde-accordion__title\" >Metallsortierer:in (m\/w\/d)<\/span>\n     <span class=\"bde-accordion__icon bde-accordion__icon--default\"><\/span>\n     <span class=\"bde-accordion__icon bde-accordion__icon--active\"><\/span>\n  <\/button>\n<\/h3>\n\n<div role=\"region\" class=\"bde-accordion__panel\" id=\"accordion-panel-212\" aria-labelledby=\"accordion-button-212\" hidden>\n   <div class=\"bde-columns-1019-213 bde-columns\"><div class=\"bde-column-1019-214 bde-column\">\n  \n\t\n\n\n\n<div class=\"bde-rich-text-1019-215 bde-rich-text breakdance-rich-text-styles\">\n<p>Die Schrott Waltner GmbH ist Teil der REON GROUP und sucht ab sofort Sie zur Unterst\u00fctzung unserer Teams am Standort Bahnhofg\u00fcrtel 41, 8020 Graz und Raiffeisenstra\u00dfe 61, 8010 Graz.<\/p>\n<p><strong>Ihr zuk\u00fcnftiges T\u00e4tigkeitsfeld umfasst:<\/strong><\/p>\n<ul>\n<li>Materialsortierung, \u00dcbernahme, Bearbeitung, Lagerung, \u00dcbergabe<\/li>\n<li>Bedienen von Maschinen und Anlagen<\/li>\n<li>\u00a0Kleine Wartungst\u00e4tigkeit\/Abschmieren von Umschlagger\u00e4ten<\/li>\n<\/ul>\n<p><strong>Das sollten Sie mitbringen:<\/strong><\/p>\n<ul>\n<li>Interest in scrap metal trade<\/li>\n<li>Verl\u00e4sslichkeit, P\u00fcnktlichkeit, Verantwortungsbewusstsein, Stressresistenz, Sauberkeit und Selbstst\u00e4ndigkeit<\/li>\n<li>Staplerschein sowie Metallkenntnisse vom Vorteil<\/li>\n<li>Gute Kommunikation und Deutschkenntnisse gepaart mit Ihrem positiven Auftreten gegen\u00fcber Kolleg:innen, Kund:innen und Lieferant:innen<\/li>\n<\/ul>\n<p><strong>Das k\u00f6nnen wir Ihnen bieten:<\/strong><\/p>\n<ul>\n<li>Lohn ab \u20ac 13,18\/Stunde zzgl. Zulagen auf Verhandlungsbasis (gem. KV-Arbeiter Handel 2025, Vollzeitanstellung)<\/li>\n<li>Eine gute Integration sowie umfassende Einschulung sind f\u00fcr uns eine Selbstverst\u00e4ndlichkeit<\/li>\n<li>P\u00fcnktliche Gehaltszahlung, sicherer Arbeitsplatz, moderne Maschinen und Arbeitskleidung inkl. Reinigung<\/li>\n<li>Sowie diverse Benefits wie Obst, Getr\u00e4nke, Weiterbildungsm\u00f6glichkeiten, kostenfreie Parkpl\u00e4tze am Firmengel\u00e4nde, etc.<\/li>\n<li>Und angenehme Arbeitszeiten im 1-Schichtbetrieb Mo. \u2013 Do. 7:00 \u2013 16:00 Uhr und Fr. 6:45 \u2013 12:30 Uhr<\/li>\n<\/ul>\n<\/div>\n<\/div><div class=\"bde-column-1019-216 bde-column\">\n  \n\t\n\n\n\n<div class=\"bde-icon-list-1019-217 bde-icon-list\">\n<ul>\n  \n              \n    <li>\n              <div class='bde-icon-list__item-wrapper'>\n      \n      <span class='bde-icon-list__icon'>\n        <svg xmlns=\"http:\/\/www.w3.org\/2000\/svg\" viewbox=\"0 0 576 512\"><!-- Font Awesome Free 5.15.1 by @fontawesome - https:\/\/fontawesome.com License - https:\/\/fontawesome.com\/license\/free (Icons: CC BY 4.0, Fonts: SIL OFL 1.1, Code: MIT License) --><path d=\"M288 0c-69.59 0-126 56.41-126 126 0 56.26 82.35 158.8 113.9 196.02 6.39 7.54 17.82 7.54 24.2 0C331.65 284.8 414 182.26 414 126 414 56.41 357.59 0 288 0zM20.12 215.95A32.006 32.006 0 0 0 0 245.66v250.32c0 11.32 11.43 19.06 21.94 14.86L160 448V214.92c-8.84-15.98-16.07-31.54-21.25-46.42L20.12 215.95zM288 359.67c-14.07 0-27.38-6.18-36.51-16.96-19.66-23.2-40.57-49.62-59.49-76.72v182l192 64V266c-18.92 27.09-39.82 53.52-59.49 76.72-9.13 10.77-22.44 16.95-36.51 16.95zm266.06-198.51L416 224v288l139.88-55.95A31.996 31.996 0 0 0 576 426.34V176.02c0-11.32-11.43-19.06-21.94-14.86z\"\/><\/svg>\n      <\/span>\n      <span class='bde-icon-list__text' >\n      Graz\n      <\/span>\n              <\/div>\n      \n    <\/li>\n\n  \n              \n    <li>\n              <div class='bde-icon-list__item-wrapper'>\n      \n      <span class='bde-icon-list__icon'>\n        <svg xmlns=\"http:\/\/www.w3.org\/2000\/svg\" viewbox=\"0 0 640 512\"><!-- Font Awesome Free 5.15.1 by @fontawesome - https:\/\/fontawesome.com License - https:\/\/fontawesome.com\/license\/free (Icons: CC BY 4.0, Fonts: SIL OFL 1.1, Code: MIT License) --><path d=\"M496 224c-79.59 0-144 64.41-144 144s64.41 144 144 144 144-64.41 144-144-64.41-144-144-144zm64 150.29c0 5.34-4.37 9.71-9.71 9.71h-60.57c-5.34 0-9.71-4.37-9.71-9.71v-76.57c0-5.34 4.37-9.71 9.71-9.71h12.57c5.34 0 9.71 4.37 9.71 9.71V352h38.29c5.34 0 9.71 4.37 9.71 9.71v12.58zM496 192c5.4 0 10.72.33 16 .81V144c0-25.6-22.4-48-48-48h-80V48c0-25.6-22.4-48-48-48H176c-25.6 0-48 22.4-48 48v48H48c-25.6 0-48 22.4-48 48v80h395.12c28.6-20.09 63.35-32 100.88-32zM320 96H192V64h128v32zm6.82 224H208c-8.84 0-16-7.16-16-16v-48H0v144c0 25.6 22.4 48 48 48h291.43C327.1 423.96 320 396.82 320 368c0-16.66 2.48-32.72 6.82-48z\"\/><\/svg>\n      <\/span>\n      <span class='bde-icon-list__text' >\n      Full time\n      <\/span>\n              <\/div>\n      \n    <\/li>\n\n  \n              \n    <li>\n              <div class='bde-icon-list__item-wrapper'>\n      \n      <span class='bde-icon-list__icon'>\n        <svg xmlns=\"http:\/\/www.w3.org\/2000\/svg\" id=\"icon-clock\" viewbox=\"0 0 32 32\">\n<path d=\"M20.586 23.414l-6.586-6.586v-8.828h4v7.172l5.414 5.414zM16 0c-8.837 0-16 7.163-16 16s7.163 16 16 16 16-7.163 16-16-7.163-16-16-16zM16 28c-6.627 0-12-5.373-12-12s5.373-12 12-12c6.627 0 12 5.373 12 12s-5.373 12-12 12z\"\/>\n<\/svg>\n      <\/span>\n      <span class='bde-icon-list__text' >\n      38.5 hours\n      <\/span>\n              <\/div>\n      \n    <\/li>\n\n  \n              \n    <li>\n              <div class='bde-icon-list__item-wrapper'>\n      \n      <span class='bde-icon-list__icon'>\n        <svg xmlns=\"http:\/\/www.w3.org\/2000\/svg\" id=\"icon-calendar\" viewbox=\"0 0 32 32\">\n<path d=\"M10 12h4v4h-4zM16 12h4v4h-4zM22 12h4v4h-4zM4 24h4v4h-4zM10 24h4v4h-4zM16 24h4v4h-4zM10 18h4v4h-4zM16 18h4v4h-4zM22 18h4v4h-4zM4 18h4v4h-4zM26 0v2h-4v-2h-14v2h-4v-2h-4v32h30v-32h-4zM28 30h-26v-22h26v22z\"\/>\n<\/svg>\n      <\/span>\n      <span class='bde-icon-list__text' >\n      Start immediately\n      <\/span>\n              <\/div>\n      \n    <\/li>\n\n  <\/ul>\n\n<\/div><div class=\"bde-rich-text-1019-218 bde-rich-text breakdance-rich-text-styles\">\n<p>Ihre aussagekr\u00e4ftigen Bewerbungsunterlagen (Lebenslauf, (Dienst-)Zeugnisse, Foto) senden sie bitte ausschlie\u00dflich per Mail an:<\/p>\n<p>\u00a0<\/p>\n<p><strong>SCHROTT - WALTNER Eisen, Metalle, Maschinen Ges.m.b.H.<\/strong><\/p>\n<p>z. Hd. Fr. Maria Magdalena Schemmerl<\/p>\n<p>0664 \/ 804 63 167<\/p>\n<p>Bahnhofg\u00fcrtel 41<\/p>\n<p>8020 Graz<\/p>\n<p><a href=\"mailto:maria.schemmerl@schrottwaltner.at\">maria.schemmerl@schrottwaltner.at<\/a><\/p>\n<\/div><div class=\"bde-button-1019-219 bde-button\">\n    \n                                    \n    \n    \n    \n    \n            \n                    \n            \n            \n\n    \n    \n    \n    \n    \n    <a class=\"breakdance-link button-atom button-atom--primary bde-button__button\" href=\"mailto:mailto:maria.schemmerl@schrottwaltner.at?subject=&body=\" target=\"_self\" data-type=\"contact\"  >\n\n    \n        <span class=\"button-atom__text\">Apply now<\/span>\n\n        \n        \n                <\/a>\n\n    \n\n\n<\/div>\n<\/div><\/div>\n<\/div>\n\n\n\n<\/div><div class=\"bde-accordion__content-wrapper-1019-189 bde-accordion__content-wrapper\">\n<h3 class=\"bde-accordion__title-tag\">\n  <button type=\"button\" class=\"bde-accordion__button\" id=\"accordion-button-189\" aria-controls=\"accordion-panel-189\" aria-expanded=\"false\">\n     <span class=\"bde-accordion__title\" >Initiativbewerbung<\/span>\n     <span class=\"bde-accordion__icon bde-accordion__icon--default\"><\/span>\n     <span class=\"bde-accordion__icon bde-accordion__icon--active\"><\/span>\n  <\/button>\n<\/h3>\n\n<div role=\"region\" class=\"bde-accordion__panel\" id=\"accordion-panel-189\" aria-labelledby=\"accordion-button-189\" hidden>\n   <div class=\"bde-columns-1019-190 bde-columns\"><div class=\"bde-column-1019-191 bde-column\">\n  \n\t\n\n\n\n<div class=\"bde-rich-text-1019-192 bde-rich-text breakdance-rich-text-styles\">\n<h3><b>Initiativbewerbung<\/b><\/h3>\n<\/div>\n<\/div><div class=\"bde-column-1019-193 bde-column\">\n  \n\t\n\n\n\n<div class=\"bde-rich-text-1019-198 bde-rich-text breakdance-rich-text-styles\">\n<p>Please send your detailed application documents by e-mail only to:\u00a0<a title=\"E-Mail Schrott-Waltner GmbH\" href=\"mailto:info@schrottwaltner.at\">info@schrottwaltner.at<\/a><\/p>\n<\/div><div class=\"bde-button-1019-210 bde-button\">\n    \n                                    \n    \n    \n    \n    \n            \n                    \n            \n            \n\n    \n    \n    \n    \n    \n    <a class=\"breakdance-link button-atom button-atom--primary bde-button__button\" href=\"mailto:mailto:info@schrottwaltner.at?subject=&body=\" target=\"_self\" data-type=\"contact\"  >\n\n    \n        <span class=\"button-atom__text\">Apply now<\/span>\n\n        \n        \n                <\/a>\n\n    \n\n\n<\/div>\n<\/div><\/div>\n<\/div>\n\n\n\n<\/div>\r\n\r\n<\/div><\/div>\n<\/section>","protected":false},"excerpt":{"rendered":"<p>Karriere bei SCHROTT WALTNER Die Schrott-Waltner GmbH ist Teil der REON GROUP. Als Profis im Umgang mit Altmetall leisten wir einen unverzichtbaren Beitrag zum Umweltschutz durch nachhaltiges Recycling. Innovative, nachhaltige Recyclingl\u00f6sungen und langj\u00e4hrige, vertrauensvolle Partnerschaften garantieren seit mehr als 90 Jahren den Erfolg des Unternehmens. Werden Sie Teil des SCHROTT WALTNER Teams! Aktuelle Jobs Wir [&hellip;]<\/p>","protected":false},"author":1,"featured_media":0,"parent":0,"menu_order":0,"comment_status":"closed","ping_status":"closed","template":"","meta":{"_breakdance_hide_in_design_set":false,"_breakdance_tags":"","iawp_total_views":3606,"footnotes":""},"class_list":["post-1019","page","type-page","status-publish","hentry"],"_links":{"self":[{"href":"https:\/\/www.schrottwaltner.at\/en\/wp-json\/wp\/v2\/pages\/1019","targetHints":{"allow":["GET"]}}],"collection":[{"href":"https:\/\/www.schrottwaltner.at\/en\/wp-json\/wp\/v2\/pages"}],"about":[{"href":"https:\/\/www.schrottwaltner.at\/en\/wp-json\/wp\/v2\/types\/page"}],"author":[{"embeddable":true,"href":"https:\/\/www.schrottwaltner.at\/en\/wp-json\/wp\/v2\/users\/1"}],"replies":[{"embeddable":true,"href":"https:\/\/www.schrottwaltner.at\/en\/wp-json\/wp\/v2\/comments?post=1019"}],"version-history":[{"count":0,"href":"https:\/\/www.schrottwaltner.at\/en\/wp-json\/wp\/v2\/pages\/1019\/revisions"}],"wp:attachment":[{"href":"https:\/\/www.schrottwaltner.at\/en\/wp-json\/wp\/v2\/media?parent=1019"}],"curies":[{"name":"wp","href":"https:\/\/api.w.org\/{rel}","templated":true}]}}